{"id":655,"date":"2025-08-05T03:04:34","date_gmt":"2025-08-05T03:04:34","guid":{"rendered":"https:\/\/naturalhealthrulesblog.com\/?page_id=655"},"modified":"2025-08-05T03:04:38","modified_gmt":"2025-08-05T03:04:38","slug":"register","status":"publish","type":"page","link":"https:\/\/naturalhealthrulesblog.com\/pl\/register\/","title":{"rendered":"Rejestr"},"content":{"rendered":"<form id=\"pms_register-form\" class=\"pms-form  pms-form-design-wrapper pms-form-style-1\" method=\"POST\" action=\"\">\n\n    \n    <input type=\"hidden\" id=\"pmstkn\" name=\"pmstkn\" value=\"e8c78edba2\" \/><input type=\"hidden\" name=\"_wp_http_referer\" value=\"\/pl\/wp-json\/wp\/v2\/pages\/655\" \/>\n    <ul class=\"pms-form-fields-wrapper\">\n\n        \n        \n        <div class=\"pms-account-section-wrapper\">\n            <h3 class=\"pms-account-details-title\">Szczeg\u00f3\u0142y konta<\/h3>\n                        <li class=\"pms-field pms-user-login-field\">\n                <label for=\"pms_user_login\">Nazwa U\u017cytkownika*<\/label>\n                <input id=\"pms_user_login\" name=\"user_login\" type=\"text\" value=\"\" \/>\n\n                            <\/li>\n\n                        <li class=\"pms-field pms-user-email-field\">\n                <label for=\"pms_user_email\">Adres E-mail*<\/label>\n                <input id=\"pms_user_email\" name=\"user_email\" type=\"text\" value=\"\" \/>\n\n                            <\/li>\n\n                        <li class=\"pms-field pms-first-name-field\">\n                <label for=\"pms_first_name\">Imi\u0119<\/label>\n                <input id=\"pms_first_name\" name=\"first_name\" type=\"text\" value=\"\" \/>\n\n                            <\/li>\n\n                        <li class=\"pms-field pms-last-name-field\">\n                <label for=\"pms_last_name\">Nazwisko<\/label>\n                <input id=\"pms_last_name\" name=\"last_name\" type=\"text\" value=\"\" \/>\n\n                            <\/li>\n\n                        <li class=\"pms-field pms-pass1-field\">\n                <label for=\"pms_pass1\">Has\u0142o*<\/label>\n                <input id=\"pms_pass1\" name=\"pass1\" type=\"password\" \/>\n\n                \n                            <\/li>\n\n                        <li class=\"pms-field pms-pass2-field\">\n                <label for=\"pms_pass2\">Powt\u00f3rz has\u0142o*<\/label>\n                <input id=\"pms_pass2\" name=\"pass2\" type=\"password\" \/>\n\n                            <\/li>\n\n                    <\/div>\n\n        \n        <li class=\"pms-field pms-field-subscriptions\"><h3 class=\"pms-subscriptions-list-title\">Select Your Online Class<\/h3><div class=\"pms-subscription-plan pms-subscription-plan-550\"><label><input type=\"radio\" name=\"subscription_plans\" data-price=\"49.99\" data-duration=\"0\" data-fixed_membership=\"\" data-allow_renew=\"\" data-sign_up_fee=\"0\" data-trial=\"0\" data-recurring=\"3\"  value=\"550\"  checked='checked'data-default-selected=\"true\" \/><span class=\"pms-subscription-plan-name\">Health Excellence -- Small Intestine\/Colon<\/span><span class=\"pms-subscription-plan-price\"><span class=\"pms-divider\"> - <\/span><span class=\"pms-subscription-plan-currency\">&#36;<\/span><span class=\"pms-subscription-plan-price-value\">49,99<\/span><\/span><span class=\"pms-subscription-plan-trial\"><\/span><span class=\"pms-subscription-plan-sign-up-fee\"><\/span><\/label><div class=\"pms-subscription-plan-description\">Part I:  The Small Intestine.  Do you feel bloated much of the time?  Do you eat a few bites of food and feel full?  Have you been told you have a weak immune system?  Learn how you can restore health in the small intestine, increase your immune system, and get rid of bad bacteria causing inflammation that creates chronic health problems.  Rebuilding the small intestine increases proper absorption of food and is the gateway to maintaining health and longevity.\r\n--------\r\nPart II:  The Colon.  Are you suffering from constipation?  Diarrhea?  Irritable Bowel Syndrome?  Recurring bouts of colitis?  Discover the causes of poor elimination, the simple solutions to correct them, and the two foods you must avoid if you want to have a healthy colon.  Toxicity from food waste not being properly eliminated can cause severe health consequences over time, and can speed up aging. Restoring the small intestine and the colon will prevent many diseases from developing.  The result is a healthier body full of energy.<\/div><\/div><div class=\"pms-subscription-plan pms-subscription-plan-549\"><label><input type=\"radio\" name=\"subscription_plans\" data-price=\"49.99\" data-duration=\"0\" data-fixed_membership=\"\" data-allow_renew=\"\" data-sign_up_fee=\"0\" data-trial=\"0\" data-recurring=\"3\"  value=\"549\" data-default-checked=\"false\" \/><span class=\"pms-subscription-plan-name\">Health Excellence -- Liver &amp; Gallbladder<\/span><span class=\"pms-subscription-plan-price\"><span class=\"pms-divider\"> - <\/span><span class=\"pms-subscription-plan-currency\">&#36;<\/span><span class=\"pms-subscription-plan-price-value\">49,99<\/span><\/span><span class=\"pms-subscription-plan-trial\"><\/span><span class=\"pms-subscription-plan-sign-up-fee\"><\/span><\/label><div class=\"pms-subscription-plan-description\">Czy cierpisz na kamic\u0119 \u017c\u00f3\u0142ciow\u0105? Budzisz si\u0119 rano i nie masz ochoty na jedzenie, ale si\u0119gasz po cukier i kofein\u0119, aby doda\u0107 sobie energii na pocz\u0105tek dnia? Czy powiedziano ci, \u017ce tw\u00f3j poziom cholesterolu jest zbyt wysoki i musisz przyjmowa\u0107 leki? Stosujesz diet\u0119 niskot\u0142uszczow\u0105, ale powiedziano ci, \u017ce masz st\u0142uszczenie w\u0105troby? Ten Podklasa da ci odpowiedzi, kt\u00f3rych potrzebujesz, aby naprawi\u0107 problem, bez uciekania si\u0119 do lek\u00f3w lub operacji. Dowiedz si\u0119 wi\u0119cej na temat innych przewlek\u0142ych schorze\u0144, takich jak: podwy\u017cszony poziom enzym\u00f3w, dna moczanowa, zapalenie powi\u0119zi podeszwowej i niski poziom \u017celaza.<\/div><\/div><div class=\"pms-subscription-plan pms-subscription-plan-548\"><label><input type=\"radio\" name=\"subscription_plans\" data-price=\"49.99\" data-duration=\"0\" data-fixed_membership=\"\" data-allow_renew=\"\" data-sign_up_fee=\"0\" data-trial=\"0\" data-recurring=\"3\"  value=\"548\" data-default-checked=\"false\" \/><span class=\"pms-subscription-plan-name\">Health Excellence -- Pancreas<\/span><span class=\"pms-subscription-plan-price\"><span class=\"pms-divider\"> - <\/span><span class=\"pms-subscription-plan-currency\">&#36;<\/span><span class=\"pms-subscription-plan-price-value\">49,99<\/span><\/span><span class=\"pms-subscription-plan-trial\"><\/span><span class=\"pms-subscription-plan-sign-up-fee\"><\/span><\/label><div class=\"pms-subscription-plan-description\">Miliony ludzi choruj\u0105 na cukrzyc\u0119, insulinooporno\u015b\u0107 lub hipoglikemi\u0119, a liczba ta ro\u015bnie z ka\u017cdym rokiem, wraz z oty\u0142o\u015bci\u0105. Nowoczesne przetw\u00f3rstwo \u017cywno\u015bci stworzy\u0142o mo\u017cliwo\u015b\u0107 dodawania cukru do wielu produkt\u00f3w wytworzonych przez cz\u0142owieka. Spowodowa\u0142o to, \u017ce ludzie uzale\u017cnili si\u0119 od cukru, a ich apetyt jest niekontrolowany. Dowiedz si\u0119, dlaczego trzustka jest przeci\u0105\u017cona i jakie naturalne kroki mo\u017cesz podj\u0105\u0107, aby odwr\u00f3ci\u0107 WSZYSTKIE problemy z poziomem cukru we krwi, bez lek\u00f3w. Dowiedz si\u0119, co wyd\u0142u\u017ca \u017cycie i dlaczego jest to trzymane w tajemnicy, a tak\u017ce jak\u0105 rol\u0119 odgrywa w tym trzustka. Te organiczne katalizatory s\u0105 rzadko wspominane w literaturze i niewiele os\u00f3b wie, jak wa\u017cne s\u0105 dla d\u0142ugo\u015bci \u017cycia i pokonywania wyzwa\u0144 zdrowotnych.<\/div><\/div><div class=\"pms-subscription-plan pms-subscription-plan-504\"><label><input type=\"radio\" name=\"subscription_plans\" data-price=\"49.99\" data-duration=\"0\" data-fixed_membership=\"\" data-allow_renew=\"\" data-sign_up_fee=\"0\" data-trial=\"0\" data-recurring=\"3\"  value=\"504\" data-default-checked=\"false\" \/><span class=\"pms-subscription-plan-name\">Health Excellence -- Stomach<\/span><span class=\"pms-subscription-plan-price\"><span class=\"pms-divider\"> - <\/span><span class=\"pms-subscription-plan-currency\">&#36;<\/span><span class=\"pms-subscription-plan-price-value\">49,99<\/span><\/span><span class=\"pms-subscription-plan-trial\"><\/span><span class=\"pms-subscription-plan-sign-up-fee\"><\/span><\/label><div class=\"pms-subscription-plan-description\">Czy cierpisz na zgag\u0119, refluks \u017co\u0142\u0105dkowy, wzd\u0119cia i uczucie zm\u0119czenia po jedzeniu? Czy bekasz lub odbijasz si\u0119 po jedzeniu? S\u0105 to objawy nieprawid\u0142owego trawienia pokarmu przez \u017co\u0142\u0105dek.\r\n\r\nWiele os\u00f3b mo\u017ce cierpie\u0107 na niestrawno\u015b\u0107 przez lata. W rezultacie organizm jest niedo\u017cywiony i nie jest w stanie zbudowa\u0107 silnego uk\u0142adu odporno\u015bciowego. Z czasem tworzy to wiele warunk\u00f3w, kt\u00f3re mog\u0105 powodowa\u0107 choroby z powodu niezdolno\u015bci organizmu do wch\u0142aniania sk\u0142adnik\u00f3w od\u017cywczych.\r\n\r\nTa podklasa ujawnia siedem powod\u00f3w, dla kt\u00f3rych \u017co\u0142\u0105dek staje si\u0119 dysfunkcyjny, sze\u015b\u0107 okoliczno\u015bci, kt\u00f3re zak\u0142\u00f3caj\u0105 zdolno\u015b\u0107 trawienia pokarmu oraz trzy nawyki, kt\u00f3re mo\u017cesz stosowa\u0107 przez ca\u0142e \u017cycie, aby zapewni\u0107 sobie jak najwi\u0119cej warto\u015bci z po\u017cywienia, wolniej si\u0119 starze\u0107 i zwi\u0119kszy\u0107 swoj\u0105 energi\u0119.<\/div><\/div><input type=\"hidden\" name=\"pms_default_recurring\" value=\"3\" \/><\/li>\n    <\/ul>\n\n    <span id=\"pms-submit-button-loading-placeholder-text\" style=\"display: none;\">Przetwarzanie. Prosz\u0119 czeka\u0107 ...<\/span><div class=\"pms-paygates-holder\"><div id=\"pms-paygates-wrapper\"><h3>Wybierz metod\u0119 p\u0142atno\u015bci<\/h3><div id=\"pms-paygates-inner\"><label><input type=\"radio\" class=\"pms_pay_gate\" name=\"pay_gate\" value=\"paypal_connect\" data-sign_up_fee=\"1\" data-trial=\"1\" data-recurring=\"1\"  data-type=\"extra_fields\" \/><span class=\"pms-paygate-name\">PayPal<\/span><\/label><label><input type=\"radio\" class=\"pms_pay_gate\" name=\"pay_gate\" value=\"stripe_connect\"  checked='checked'data-sign_up_fee=\"1\" data-trial=\"1\" data-recurring=\"1\"  data-type=\"extra_fields\" \/><span class=\"pms-paygate-name\">Karta kredytowa\/debetowa<\/span><\/label><\/div><div id=\"pms-gateways-not-available\"><span>Dla wybranego planu subskrypcji nie s\u0105 dost\u0119pne \u017cadne metody p\u0142atno\u015bci.<\/span><\/div><\/div><ul id=\"pms-stripe-connect\" class=\"pms-field-section pms-paygate-extra-fields pms-paygate-extra-fields-stripe_connect\"><li class=\"pms-field pms-field-type-heading\"><h3>Szczeg\u00f3\u0142y p\u0142atno\u015bci<\/h3><\/li><div class=\"pms-spinner__holder\"><div class=\"pms-spinner\"><\/div><\/div><div id=\"pms-stripe-payment-elements\" style=\"display:none\"><\/div><\/ul><ul id=\"pms-paypal-connect\" class=\"pms-field-section pms-paygate-extra-fields pms-paygate-extra-fields-paypal_connect\"><div class=\"pms-spinner__holder\"><div class=\"pms-spinner\"><\/div><\/div><div id=\"pms-paygate-extra-fields-paypal_connect__placeholder\"><\/div><\/ul><input class=\"pms-form-submit\" name=\"pms_register\" type=\"submit\" value=\"Zarejestruj si\u0119\" \/><\/div><input type=\"hidden\" id=\"pms-process-checkout-nonce\" name=\"pms_process_checkout_nonce\" value=\"1965e6d693\"\/><input type=\"hidden\" id=\"stripe-pk\" value=\"pk_live_51JnRSnFVtWoWlofZMXcsWFcHwttiJKFpiqCr2o6ernALizyZxFirVbJUQ4p9SHfyOB5MISz6IxlCIFwFMpXCfBPt009H9WjaXq\" \/><input type=\"hidden\" name=\"pms_stripe_connect_payment_intent\" value=\"\"\/><input type=\"hidden\" name=\"pms_stripe_connect_setup_intent\" value=\"\"\/><input type=\"hidden\" id=\"pms-stripe-ajax-update-payment-intent-nonce\" name=\"stripe_ajax_update_payment_intent_nonce\" value=\"8c1b9a82b5\"\/>\n    \n<input type=\"hidden\" name=\"trp-form-language\" value=\"pl\"\/><\/form>","protected":false},"excerpt":{"rendered":"","protected":false},"author":4,"featured_media":0,"parent":0,"menu_order":0,"comment_status":"closed","ping_status":"closed","template":"","meta":{"nf_dc_page":"","_uag_custom_page_level_css":"","footnotes":""},"class_list":["post-655","page","type-page","status-publish","hentry"],"uagb_featured_image_src":{"full":false,"thumbnail":false,"medium":false,"medium_large":false,"large":false,"1536x1536":false,"2048x2048":false,"trp-custom-language-flag":false,"woocommerce_thumbnail":false,"woocommerce_single":false,"woocommerce_gallery_thumbnail":false},"uagb_author_info":{"display_name":"MixxX","author_link":"https:\/\/naturalhealthrulesblog.com\/pl\/author\/mub-healthexcellence\/"},"uagb_comment_info":0,"uagb_excerpt":null,"_links":{"self":[{"href":"https:\/\/naturalhealthrulesblog.com\/pl\/wp-json\/wp\/v2\/pages\/655","targetHints":{"allow":["GET"]}}],"collection":[{"href":"https:\/\/naturalhealthrulesblog.com\/pl\/wp-json\/wp\/v2\/pages"}],"about":[{"href":"https:\/\/naturalhealthrulesblog.com\/pl\/wp-json\/wp\/v2\/types\/page"}],"author":[{"embeddable":true,"href":"https:\/\/naturalhealthrulesblog.com\/pl\/wp-json\/wp\/v2\/users\/4"}],"replies":[{"embeddable":true,"href":"https:\/\/naturalhealthrulesblog.com\/pl\/wp-json\/wp\/v2\/comments?post=655"}],"version-history":[{"count":1,"href":"https:\/\/naturalhealthrulesblog.com\/pl\/wp-json\/wp\/v2\/pages\/655\/revisions"}],"predecessor-version":[{"id":656,"href":"https:\/\/naturalhealthrulesblog.com\/pl\/wp-json\/wp\/v2\/pages\/655\/revisions\/656"}],"wp:attachment":[{"href":"https:\/\/naturalhealthrulesblog.com\/pl\/wp-json\/wp\/v2\/media?parent=655"}],"curies":[{"name":"wp","href":"https:\/\/api.w.org\/{rel}","templated":true}]}}