{"id":655,"date":"2025-08-05T03:04:34","date_gmt":"2025-08-05T03:04:34","guid":{"rendered":"https:\/\/naturalhealthrulesblog.com\/?page_id=655"},"modified":"2025-08-05T03:04:38","modified_gmt":"2025-08-05T03:04:38","slug":"register","status":"publish","type":"page","link":"https:\/\/naturalhealthrulesblog.com\/fr\/register\/","title":{"rendered":"Registre"},"content":{"rendered":"<form id=\"pms_register-form\" class=\"pms-form  pms-form-design-wrapper pms-form-style-1\" method=\"POST\" action=\"\">\n\n    \n    <input type=\"hidden\" id=\"pmstkn\" name=\"pmstkn\" value=\"e8c78edba2\" \/><input type=\"hidden\" name=\"_wp_http_referer\" value=\"\/fr\/wp-json\/wp\/v2\/pages\/655\" \/>\n    <ul class=\"pms-form-fields-wrapper\">\n\n        \n        \n        <div class=\"pms-account-section-wrapper\">\n            <h3 class=\"pms-account-details-title\">Account Details<\/h3>\n                        <li class=\"pms-field pms-user-login-field\">\n                <label for=\"pms_user_login\">Identifiant (Pr\u00e9nom Nom) *<\/label>\n                <input id=\"pms_user_login\" name=\"user_login\" type=\"text\" value=\"\" \/>\n\n                            <\/li>\n\n                        <li class=\"pms-field pms-user-email-field\">\n                <label for=\"pms_user_email\">E-mail *<\/label>\n                <input id=\"pms_user_email\" name=\"user_email\" type=\"text\" value=\"\" \/>\n\n                            <\/li>\n\n                        <li class=\"pms-field pms-first-name-field\">\n                <label for=\"pms_first_name\">Pr\u00e9nom<\/label>\n                <input id=\"pms_first_name\" name=\"first_name\" type=\"text\" value=\"\" \/>\n\n                            <\/li>\n\n                        <li class=\"pms-field pms-last-name-field\">\n                <label for=\"pms_last_name\">Nom<\/label>\n                <input id=\"pms_last_name\" name=\"last_name\" type=\"text\" value=\"\" \/>\n\n                            <\/li>\n\n                        <li class=\"pms-field pms-pass1-field\">\n                <label for=\"pms_pass1\">Mot de passe *<\/label>\n                <input id=\"pms_pass1\" name=\"pass1\" type=\"password\" \/>\n\n                \n                            <\/li>\n\n                        <li class=\"pms-field pms-pass2-field\">\n                <label for=\"pms_pass2\">Confirmer le mot de passe *<\/label>\n                <input id=\"pms_pass2\" name=\"pass2\" type=\"password\" \/>\n\n                            <\/li>\n\n                    <\/div>\n\n        \n        <li class=\"pms-field pms-field-subscriptions\"><h3 class=\"pms-subscriptions-list-title\">Select Your Online Class<\/h3><div class=\"pms-subscription-plan pms-subscription-plan-550\"><label><input type=\"radio\" name=\"subscription_plans\" data-price=\"49.99\" data-duration=\"0\" data-fixed_membership=\"\" data-allow_renew=\"\" data-sign_up_fee=\"0\" data-trial=\"0\" data-recurring=\"3\"  value=\"550\"  checked='checked'data-default-selected=\"true\" \/><span class=\"pms-subscription-plan-name\">Health Excellence -- Small Intestine\/Colon<\/span><span class=\"pms-subscription-plan-price\"><span class=\"pms-divider\"> - <\/span><span class=\"pms-subscription-plan-currency\">&#36;<\/span><span class=\"pms-subscription-plan-price-value\">49,99<\/span><\/span><span class=\"pms-subscription-plan-trial\"><\/span><span class=\"pms-subscription-plan-sign-up-fee\"><\/span><\/label><div class=\"pms-subscription-plan-description\">Part I:  The Small Intestine.  Do you feel bloated much of the time?  Do you eat a few bites of food and feel full?  Have you been told you have a weak immune system?  Learn how you can restore health in the small intestine, increase your immune system, and get rid of bad bacteria causing inflammation that creates chronic health problems.  Rebuilding the small intestine increases proper absorption of food and is the gateway to maintaining health and longevity.\r\n--------\r\nPart II:  The Colon.  Are you suffering from constipation?  Diarrhea?  Irritable Bowel Syndrome?  Recurring bouts of colitis?  Discover the causes of poor elimination, the simple solutions to correct them, and the two foods you must avoid if you want to have a healthy colon.  Toxicity from food waste not being properly eliminated can cause severe health consequences over time, and can speed up aging. Restoring the small intestine and the colon will prevent many diseases from developing.  The result is a healthier body full of energy.<\/div><\/div><div class=\"pms-subscription-plan pms-subscription-plan-549\"><label><input type=\"radio\" name=\"subscription_plans\" data-price=\"49.99\" data-duration=\"0\" data-fixed_membership=\"\" data-allow_renew=\"\" data-sign_up_fee=\"0\" data-trial=\"0\" data-recurring=\"3\"  value=\"549\" data-default-checked=\"false\" \/><span class=\"pms-subscription-plan-name\">Health Excellence -- Liver &amp; Gallbladder<\/span><span class=\"pms-subscription-plan-price\"><span class=\"pms-divider\"> - <\/span><span class=\"pms-subscription-plan-currency\">&#36;<\/span><span class=\"pms-subscription-plan-price-value\">49,99<\/span><\/span><span class=\"pms-subscription-plan-trial\"><\/span><span class=\"pms-subscription-plan-sign-up-fee\"><\/span><\/label><div class=\"pms-subscription-plan-description\">Souffrez-vous de calculs biliaires ? Vous vous r\u00e9veillez le matin et n'avez pas envie de manger, mais vous vous tournez vers le sucre et la caf\u00e9ine pour vous donner de l'\u00e9nergie pour commencer la journ\u00e9e ? On vous a dit que votre taux de cholest\u00e9rol \u00e9tait trop \u00e9lev\u00e9 et que vous deviez prendre des m\u00e9dicaments ? Vous suivez un r\u00e9gime pauvre en graisses, mais on vous a dit que vous souffriez d'une maladie du foie gras ? Ce Podclass vous apportera les r\u00e9ponses dont vous avez besoin pour corriger le probl\u00e8me, sans avoir recours aux m\u00e9dicaments ou \u00e0 la chirurgie. D\u00e9couvrez d'autres r\u00e9ponses \u00e0 d'autres maladies chroniques, telles que l'\u00e9l\u00e9vation des enzymes, la goutte, la fasciite plantaire et les faibles niveaux de fer.<\/div><\/div><div class=\"pms-subscription-plan pms-subscription-plan-548\"><label><input type=\"radio\" name=\"subscription_plans\" data-price=\"49.99\" data-duration=\"0\" data-fixed_membership=\"\" data-allow_renew=\"\" data-sign_up_fee=\"0\" data-trial=\"0\" data-recurring=\"3\"  value=\"548\" data-default-checked=\"false\" \/><span class=\"pms-subscription-plan-name\">Health Excellence -- Pancreas<\/span><span class=\"pms-subscription-plan-price\"><span class=\"pms-divider\"> - <\/span><span class=\"pms-subscription-plan-currency\">&#36;<\/span><span class=\"pms-subscription-plan-price-value\">49,99<\/span><\/span><span class=\"pms-subscription-plan-trial\"><\/span><span class=\"pms-subscription-plan-sign-up-fee\"><\/span><\/label><div class=\"pms-subscription-plan-description\">Des millions de personnes souffrent de diab\u00e8te, de r\u00e9sistance \u00e0 l'insuline ou d'hypoglyc\u00e9mie, et leur nombre augmente chaque ann\u00e9e, tout comme l'ob\u00e9sit\u00e9. La transformation moderne des aliments a permis d'introduire du sucre dans bon nombre de ces produits fabriqu\u00e9s par l'homme. Les gens sont devenus d\u00e9pendants du sucre et leurs envies sont incontr\u00f4lables. D\u00e9couvrez pourquoi le pancr\u00e9as est d\u00e9bord\u00e9 et les mesures naturelles que vous pouvez prendre pour inverser TOUS les probl\u00e8mes de glyc\u00e9mie, sans m\u00e9dicaments. D\u00e9couvrez ce qui augmente votre dur\u00e9e de vie et pourquoi cela est gard\u00e9 secret, ainsi que le r\u00f4le que joue le pancr\u00e9as dans ce domaine. Ces catalyseurs organiques sont rarement mentionn\u00e9s dans la litt\u00e9rature et peu de gens savent \u00e0 quel point ils sont importants pour allonger la dur\u00e9e de vie et surmonter les probl\u00e8mes de sant\u00e9.<\/div><\/div><div class=\"pms-subscription-plan pms-subscription-plan-504\"><label><input type=\"radio\" name=\"subscription_plans\" data-price=\"49.99\" data-duration=\"0\" data-fixed_membership=\"\" data-allow_renew=\"\" data-sign_up_fee=\"0\" data-trial=\"0\" data-recurring=\"3\"  value=\"504\" data-default-checked=\"false\" \/><span class=\"pms-subscription-plan-name\">Health Excellence -- Stomach<\/span><span class=\"pms-subscription-plan-price\"><span class=\"pms-divider\"> - <\/span><span class=\"pms-subscription-plan-currency\">&#36;<\/span><span class=\"pms-subscription-plan-price-value\">49,99<\/span><\/span><span class=\"pms-subscription-plan-trial\"><\/span><span class=\"pms-subscription-plan-sign-up-fee\"><\/span><\/label><div class=\"pms-subscription-plan-description\">Souffrez-vous de br\u00fblures d'estomac, de reflux gastriques, de ballonnements et de fatigue apr\u00e8s avoir mang\u00e9 ? Avez-vous des rots ou des \u00e9ructations apr\u00e8s avoir mang\u00e9 ? Ces sympt\u00f4mes indiquent que votre estomac ne dig\u00e8re pas correctement les aliments.\r\n\r\nDe nombreuses personnes peuvent souffrir d'indigestion pendant des ann\u00e9es. Le r\u00e9sultat est un corps mal nourri et incapable de construire un syst\u00e8me immunitaire fort. Avec le temps, cela cr\u00e9e de nombreuses conditions qui peuvent provoquer des maladies en raison de l'incapacit\u00e9 de l'organisme \u00e0 absorber les nutriments.\r\n\r\nCe podcast r\u00e9v\u00e8le les sept raisons pour lesquelles votre estomac devient dysfonctionnel, les six circonstances qui interf\u00e8rent avec la digestion des aliments et les trois habitudes que vous pouvez prendre toute votre vie pour vous assurer de tirer le meilleur parti de votre nourriture, de vieillir plus lentement et d'augmenter votre \u00e9nergie.<\/div><\/div><input type=\"hidden\" name=\"pms_default_recurring\" value=\"3\" \/><\/li>\n    <\/ul>\n\n    <span id=\"pms-submit-button-loading-placeholder-text\" style=\"display: none;\">En cours. Patientez, s&#039;il vous pla\u00eet...<\/span><div class=\"pms-paygates-holder\"><div id=\"pms-paygates-wrapper\"><h3>S\u00e9lectionner un moyen de paiement<\/h3><div id=\"pms-paygates-inner\"><label><input type=\"radio\" class=\"pms_pay_gate\" name=\"pay_gate\" value=\"paypal_connect\" data-sign_up_fee=\"1\" data-trial=\"1\" data-recurring=\"1\"  data-type=\"extra_fields\" \/><span class=\"pms-paygate-name\">PayPal<\/span><\/label><label><input type=\"radio\" class=\"pms_pay_gate\" name=\"pay_gate\" value=\"stripe_connect\"  checked='checked'data-sign_up_fee=\"1\" data-trial=\"1\" data-recurring=\"1\"  data-type=\"extra_fields\" \/><span class=\"pms-paygate-name\">Carte de cr\u00e9dit\/ d\u00e9bit<\/span><\/label><\/div><div id=\"pms-gateways-not-available\"><span>Aucune m\u00e9thode de payement n'est disponible pour le plan choisi.<\/span><\/div><\/div><ul id=\"pms-stripe-connect\" class=\"pms-field-section pms-paygate-extra-fields pms-paygate-extra-fields-stripe_connect\"><li class=\"pms-field pms-field-type-heading\"><h3>Modalit\u00e9s de paiement<\/h3><\/li><div class=\"pms-spinner__holder\"><div class=\"pms-spinner\"><\/div><\/div><div id=\"pms-stripe-payment-elements\" style=\"display:none\"><\/div><\/ul><ul id=\"pms-paypal-connect\" class=\"pms-field-section pms-paygate-extra-fields pms-paygate-extra-fields-paypal_connect\"><div class=\"pms-spinner__holder\"><div class=\"pms-spinner\"><\/div><\/div><div id=\"pms-paygate-extra-fields-paypal_connect__placeholder\"><\/div><\/ul><input class=\"pms-form-submit\" name=\"pms_register\" type=\"submit\" value=\"S&#039;inscrire\" \/><\/div><input type=\"hidden\" id=\"pms-process-checkout-nonce\" name=\"pms_process_checkout_nonce\" value=\"1965e6d693\"\/><input type=\"hidden\" id=\"stripe-pk\" value=\"pk_live_51JnRSnFVtWoWlofZMXcsWFcHwttiJKFpiqCr2o6ernALizyZxFirVbJUQ4p9SHfyOB5MISz6IxlCIFwFMpXCfBPt009H9WjaXq\" \/><input type=\"hidden\" name=\"pms_stripe_connect_payment_intent\" value=\"\"\/><input type=\"hidden\" name=\"pms_stripe_connect_setup_intent\" value=\"\"\/><input type=\"hidden\" id=\"pms-stripe-ajax-update-payment-intent-nonce\" name=\"stripe_ajax_update_payment_intent_nonce\" value=\"8c1b9a82b5\"\/>\n    \n<input type=\"hidden\" name=\"trp-form-language\" value=\"fr\"\/><\/form>","protected":false},"excerpt":{"rendered":"","protected":false},"author":4,"featured_media":0,"parent":0,"menu_order":0,"comment_status":"closed","ping_status":"closed","template":"","meta":{"nf_dc_page":"","_uag_custom_page_level_css":"","footnotes":""},"class_list":["post-655","page","type-page","status-publish","hentry"],"uagb_featured_image_src":{"full":false,"thumbnail":false,"medium":false,"medium_large":false,"large":false,"1536x1536":false,"2048x2048":false,"trp-custom-language-flag":false,"woocommerce_thumbnail":false,"woocommerce_single":false,"woocommerce_gallery_thumbnail":false},"uagb_author_info":{"display_name":"MixxX","author_link":"https:\/\/naturalhealthrulesblog.com\/fr\/author\/mub-healthexcellence\/"},"uagb_comment_info":0,"uagb_excerpt":null,"_links":{"self":[{"href":"https:\/\/naturalhealthrulesblog.com\/fr\/wp-json\/wp\/v2\/pages\/655","targetHints":{"allow":["GET"]}}],"collection":[{"href":"https:\/\/naturalhealthrulesblog.com\/fr\/wp-json\/wp\/v2\/pages"}],"about":[{"href":"https:\/\/naturalhealthrulesblog.com\/fr\/wp-json\/wp\/v2\/types\/page"}],"author":[{"embeddable":true,"href":"https:\/\/naturalhealthrulesblog.com\/fr\/wp-json\/wp\/v2\/users\/4"}],"replies":[{"embeddable":true,"href":"https:\/\/naturalhealthrulesblog.com\/fr\/wp-json\/wp\/v2\/comments?post=655"}],"version-history":[{"count":1,"href":"https:\/\/naturalhealthrulesblog.com\/fr\/wp-json\/wp\/v2\/pages\/655\/revisions"}],"predecessor-version":[{"id":656,"href":"https:\/\/naturalhealthrulesblog.com\/fr\/wp-json\/wp\/v2\/pages\/655\/revisions\/656"}],"wp:attachment":[{"href":"https:\/\/naturalhealthrulesblog.com\/fr\/wp-json\/wp\/v2\/media?parent=655"}],"curies":[{"name":"wp","href":"https:\/\/api.w.org\/{rel}","templated":true}]}}