{"id":537,"date":"2025-08-01T20:46:48","date_gmt":"2025-08-01T20:46:48","guid":{"rendered":"https:\/\/naturalhealthrulesblog.com\/?page_id=537"},"modified":"2026-02-09T21:23:52","modified_gmt":"2026-02-09T21:23:52","slug":"the-podclasses","status":"publish","type":"page","link":"https:\/\/naturalhealthrulesblog.com\/fr\/the-podclasses\/","title":{"rendered":"Les Podclasses"},"content":{"rendered":"<div class=\"nfd-container nfd-text-md nfd-wb-text__text-12 wp-block-group is-layout-constrained wp-block-group-is-layout-constrained\">\n<div class=\"nfd-max-w-prose wp-block-group is-vertical is-content-justification-stretch is-layout-flex wp-container-core-group-is-layout-353c4f5a wp-block-group-is-layout-flex\">\n<hr class=\"is-style-wide wp-block-separator has-alpha-channel-opacity\"\/>\n\n\n\n<h1 class=\"wp-block-heading has-text-align-center\">L'estomac<\/h1>\n\n\n\n<div class=\"wp-block-group is-content-justification-center is-nowrap is-layout-flex wp-container-core-group-is-layout-23441af8 wp-block-group-is-layout-flex\">\n<figure class=\"is-style-default nfd-rounded-sm wp-block-image size-large\"><a href=\"https:\/\/naturalhealthrulesblog.com\/fr\/how-to-improve-your-digestion-stomach\/\"><img loading=\"lazy\" decoding=\"async\" width=\"1024\" height=\"575\" src=\"https:\/\/naturalhealthrulesblog.com\/wp-content\/uploads\/2024\/11\/InShot_20241124_170101326-1024x575.jpg\" alt=\"\" class=\"wp-image-462\" style=\"aspect-ratio:16\/9;object-fit:cover\" srcset=\"https:\/\/naturalhealthrulesblog.com\/wp-content\/uploads\/2024\/11\/InShot_20241124_170101326-1024x575.jpg 1024w, https:\/\/naturalhealthrulesblog.com\/wp-content\/uploads\/2024\/11\/InShot_20241124_170101326-600x337.jpg 600w, https:\/\/naturalhealthrulesblog.com\/wp-content\/uploads\/2024\/11\/InShot_20241124_170101326-300x169.jpg 300w, https:\/\/naturalhealthrulesblog.com\/wp-content\/uploads\/2024\/11\/InShot_20241124_170101326-768x432.jpg 768w, https:\/\/naturalhealthrulesblog.com\/wp-content\/uploads\/2024\/11\/InShot_20241124_170101326-1536x863.jpg 1536w, https:\/\/naturalhealthrulesblog.com\/wp-content\/uploads\/2024\/11\/InShot_20241124_170101326.jpg 1920w\" sizes=\"auto, (max-width: 1024px) 100vw, 1024px\" \/><\/a><\/figure>\n<\/div>\n\n\n\n<p class=\"has-text-align-center\">(^ Cliquez ou tapez sur l'image ci-dessus pour regarder le Podclass).<\/p>\n\n\n\n<p class=\"\"><strong>Souffrez-vous de br\u00fblures d'estomac, de reflux acides, de ballonnements et de fatigue apr\u00e8s avoir mang\u00e9 ? Avez-vous des rots ou des \u00e9ructations apr\u00e8s avoir mang\u00e9 ? Ces sympt\u00f4mes indiquent que votre estomac ne dig\u00e8re pas correctement les aliments.<\/strong><\/p>\n\n\n\n<p class=\"\"><strong>De nombreuses personnes peuvent souffrir d'indigestion pendant des ann\u00e9es. Le r\u00e9sultat est un corps mal nourri et incapable de construire un syst\u00e8me immunitaire fort. Au fil du temps, cela cr\u00e9e de nombreuses conditions qui peuvent provoquer des maladies en raison de l'incapacit\u00e9 de l'organisme \u00e0 absorber les nutriments.<\/strong><\/p>\n\n\n\n<p class=\"\"><strong>Ce podcast r\u00e9v\u00e8le les sept raisons pour lesquelles votre estomac devient dysfonctionnel, les six circonstances qui entravent la digestion des aliments et les trois habitudes que vous pouvez adopter toute votre vie pour tirer le meilleur parti de votre nourriture, vieillir plus lentement et augmenter votre \u00e9nergie.<\/strong><\/p>\n\n\n\n<hr class=\"is-style-wide wp-block-separator has-alpha-channel-opacity\"\/>\n<\/div>\n<\/div>\n\n\n\n<div class=\"nfd-container nfd-text-md nfd-wb-text__text-12 wp-block-group is-layout-constrained wp-block-group-is-layout-constrained\">\n<div class=\"nfd-max-w-prose wp-block-group is-vertical is-content-justification-stretch is-layout-flex wp-container-core-group-is-layout-353c4f5a wp-block-group-is-layout-flex\">\n<h1 class=\"wp-block-heading has-text-align-center\">Le pancr\u00e9as<\/h1>\n\n\n\n<div class=\"wp-block-group is-content-justification-center is-nowrap is-layout-flex wp-container-core-group-is-layout-23441af8 wp-block-group-is-layout-flex\">\n<figure class=\"is-style-default nfd-rounded-sm wp-block-image size-large\"><a href=\"https:\/\/naturalhealthrulesblog.com\/fr\/how-to-improve-your-digestion-the-pancreas\/\"><img loading=\"lazy\" decoding=\"async\" width=\"1024\" height=\"575\" src=\"https:\/\/naturalhealthrulesblog.com\/wp-content\/uploads\/2025\/01\/Fat-person-and-sugar-1024x575.jpg\" alt=\"\" class=\"wp-image-468\" style=\"aspect-ratio:16\/9;object-fit:cover\" srcset=\"https:\/\/naturalhealthrulesblog.com\/wp-content\/uploads\/2025\/01\/Fat-person-and-sugar-1024x575.jpg 1024w, https:\/\/naturalhealthrulesblog.com\/wp-content\/uploads\/2025\/01\/Fat-person-and-sugar-600x337.jpg 600w, https:\/\/naturalhealthrulesblog.com\/wp-content\/uploads\/2025\/01\/Fat-person-and-sugar-300x169.jpg 300w, https:\/\/naturalhealthrulesblog.com\/wp-content\/uploads\/2025\/01\/Fat-person-and-sugar-768x432.jpg 768w, https:\/\/naturalhealthrulesblog.com\/wp-content\/uploads\/2025\/01\/Fat-person-and-sugar-1536x863.jpg 1536w, https:\/\/naturalhealthrulesblog.com\/wp-content\/uploads\/2025\/01\/Fat-person-and-sugar.jpg 1920w\" sizes=\"auto, (max-width: 1024px) 100vw, 1024px\" \/><\/a><\/figure>\n<\/div>\n\n\n\n<p class=\"has-text-align-center\">(^ Cliquez ou tapez sur l'image ci-dessus pour regarder le Podclass).<\/p>\n\n\n\n<p class=\"\"><strong>Des millions de personnes souffrent de diab\u00e8te, de r\u00e9sistance \u00e0 l'insuline ou d'hypoglyc\u00e9mie, et leur nombre augmente chaque ann\u00e9e, tout comme l'ob\u00e9sit\u00e9. La transformation moderne des aliments a permis d'introduire du sucre dans bon nombre de ces produits fabriqu\u00e9s par l'homme. Les gens sont devenus d\u00e9pendants du sucre et leurs envies sont incontr\u00f4lables. D\u00e9couvrez pourquoi le pancr\u00e9as est d\u00e9bord\u00e9 et les mesures naturelles que vous pouvez prendre pour inverser TOUS les probl\u00e8mes de glyc\u00e9mie, sans m\u00e9dicaments. D\u00e9couvrez ce qui augmente votre dur\u00e9e de vie et pourquoi cela est gard\u00e9 secret, ainsi que le r\u00f4le que joue le pancr\u00e9as dans ce domaine. Ces catalyseurs organiques sont rarement mentionn\u00e9s dans la litt\u00e9rature et peu de gens savent \u00e0 quel point ils sont importants pour allonger la dur\u00e9e de vie et surmonter les probl\u00e8mes de sant\u00e9.<\/strong><\/p>\n\n\n\n<hr class=\"is-style-wide wp-block-separator has-alpha-channel-opacity\"\/>\n<\/div>\n<\/div>\n\n\n\n<div class=\"nfd-container nfd-text-md nfd-wb-text__text-12 wp-block-group is-layout-constrained wp-block-group-is-layout-constrained\">\n<div class=\"nfd-max-w-prose wp-block-group is-vertical is-content-justification-stretch is-layout-flex wp-container-core-group-is-layout-353c4f5a wp-block-group-is-layout-flex\">\n<h1 class=\"wp-block-heading has-text-align-center\">Le foie et la v\u00e9sicule biliaire<\/h1>\n\n\n\n<div class=\"wp-block-group is-content-justification-center is-nowrap is-layout-flex wp-container-core-group-is-layout-23441af8 wp-block-group-is-layout-flex\">\n<figure class=\"is-style-default nfd-rounded-sm wp-block-image size-large\"><a href=\"https:\/\/naturalhealthrulesblog.com\/fr\/how-to-improve-your-digestion-liver-gallbladder\/\"><img loading=\"lazy\" decoding=\"async\" width=\"1024\" height=\"575\" src=\"https:\/\/naturalhealthrulesblog.com\/wp-content\/uploads\/2025\/02\/InShot_20250223_204104594-1024x575.jpg\" alt=\"\" class=\"wp-image-474\" style=\"aspect-ratio:16\/9;object-fit:cover\" srcset=\"https:\/\/naturalhealthrulesblog.com\/wp-content\/uploads\/2025\/02\/InShot_20250223_204104594-1024x575.jpg 1024w, https:\/\/naturalhealthrulesblog.com\/wp-content\/uploads\/2025\/02\/InShot_20250223_204104594-600x337.jpg 600w, https:\/\/naturalhealthrulesblog.com\/wp-content\/uploads\/2025\/02\/InShot_20250223_204104594-300x169.jpg 300w, https:\/\/naturalhealthrulesblog.com\/wp-content\/uploads\/2025\/02\/InShot_20250223_204104594-768x432.jpg 768w, https:\/\/naturalhealthrulesblog.com\/wp-content\/uploads\/2025\/02\/InShot_20250223_204104594-1536x863.jpg 1536w, https:\/\/naturalhealthrulesblog.com\/wp-content\/uploads\/2025\/02\/InShot_20250223_204104594.jpg 1920w\" sizes=\"auto, (max-width: 1024px) 100vw, 1024px\" \/><\/a><\/figure>\n<\/div>\n\n\n\n<p class=\"has-text-align-center\">(^ Cliquez ou tapez sur l'image ci-dessus pour regarder le Podclass).<\/p>\n\n\n\n<p class=\"\"><strong>Souffrez-vous de calculs biliaires ? Vous vous r\u00e9veillez le matin et n'avez pas envie de manger, mais vous vous tournez vers le sucre et la caf\u00e9ine pour vous donner de l'\u00e9nergie pour commencer la journ\u00e9e ? On vous a dit que votre taux de cholest\u00e9rol \u00e9tait trop \u00e9lev\u00e9 et que vous deviez prendre des m\u00e9dicaments ? Vous suivez un r\u00e9gime pauvre en graisses, mais on vous a dit que vous souffriez d'une maladie du foie gras ? Ce Podclass vous apportera les r\u00e9ponses dont vous avez besoin pour corriger le probl\u00e8me, sans avoir recours aux m\u00e9dicaments ou \u00e0 la chirurgie. D\u00e9couvrez d'autres r\u00e9ponses \u00e0 d'autres maladies chroniques, telles que l'\u00e9l\u00e9vation des enzymes, la goutte, la fasciite plantaire et les faibles niveaux de fer.<\/strong><\/p>\n\n\n\n<hr class=\"is-style-wide wp-block-separator has-alpha-channel-opacity\"\/>\n<\/div>\n<\/div>\n\n\n\n<div class=\"nfd-container nfd-text-md nfd-wb-text__text-12 wp-block-group is-layout-constrained wp-block-group-is-layout-constrained\">\n<div class=\"nfd-max-w-prose wp-block-group is-vertical is-content-justification-stretch is-layout-flex wp-container-core-group-is-layout-353c4f5a wp-block-group-is-layout-flex\">\n<h1 class=\"wp-block-heading has-text-align-center\">L'intestin gr\u00eale et le c\u00f4lon<\/h1>\n\n\n\n<div class=\"wp-block-group is-content-justification-center is-nowrap is-layout-flex wp-container-core-group-is-layout-23441af8 wp-block-group-is-layout-flex\">\n<figure class=\"is-style-default nfd-rounded-sm wp-block-image size-large\"><a href=\"https:\/\/naturalhealthrulesblog.com\/fr\/how-to-improve-your-digestion-small-intestine-colon\/\"><img loading=\"lazy\" decoding=\"async\" width=\"1024\" height=\"575\" src=\"https:\/\/naturalhealthrulesblog.com\/wp-content\/uploads\/2025\/08\/1000009479-1024x575.jpg\" alt=\"Intestines Thumbnail\" class=\"wp-image-581\" style=\"aspect-ratio:16\/9;object-fit:cover\" srcset=\"https:\/\/naturalhealthrulesblog.com\/wp-content\/uploads\/2025\/08\/1000009479-1024x575.jpg 1024w, https:\/\/naturalhealthrulesblog.com\/wp-content\/uploads\/2025\/08\/1000009479-600x337.jpg 600w, https:\/\/naturalhealthrulesblog.com\/wp-content\/uploads\/2025\/08\/1000009479-300x169.jpg 300w, https:\/\/naturalhealthrulesblog.com\/wp-content\/uploads\/2025\/08\/1000009479-768x432.jpg 768w, https:\/\/naturalhealthrulesblog.com\/wp-content\/uploads\/2025\/08\/1000009479-1536x863.jpg 1536w, https:\/\/naturalhealthrulesblog.com\/wp-content\/uploads\/2025\/08\/1000009479.jpg 1920w\" sizes=\"auto, (max-width: 1024px) 100vw, 1024px\" \/><\/a><\/figure>\n<\/div>\n\n\n\n<p class=\"has-text-align-center\">(^ Cliquez ou tapez sur l'image ci-dessus pour regarder le Podclass).<\/p>\n\n\n\n<p class=\"\"><strong>Partie I : L'intestin gr\u00eale.  Vous sentez-vous souvent ballonn\u00e9 ?  Mangez-vous quelques bouch\u00e9es et vous sentez-vous rassasi\u00e9 ?  Vous a-t-on dit que votre syst\u00e8me immunitaire \u00e9tait faible ?  D\u00e9couvrez comment r\u00e9tablir la sant\u00e9 de l'intestin gr\u00eale, renforcer votre syst\u00e8me immunitaire et vous d\u00e9barrasser des mauvaises bact\u00e9ries qui provoquent l'inflammation \u00e0 l'origine des probl\u00e8mes de sant\u00e9 chroniques.  Le r\u00e9tablissement de l'intestin gr\u00eale favorise une bonne absorption des aliments et constitue la cl\u00e9 du maintien de la sant\u00e9 et de la long\u00e9vit\u00e9.<\/strong><\/p>\n\n\n\n<p class=\"\"><strong>Partie II : Le c\u00f4lon.  Souffrez-vous de constipation ?  de diarrh\u00e9e ?  Du syndrome du c\u00f4lon irritable ?  De colites r\u00e9currentes ?  D\u00e9couvrez les causes d'une mauvaise \u00e9limination, les solutions simples pour y rem\u00e9dier et les deux aliments \u00e0 \u00e9viter si vous voulez avoir un c\u00f4lon en bonne sant\u00e9.  La toxicit\u00e9 des d\u00e9chets alimentaires mal \u00e9limin\u00e9s peut avoir de graves cons\u00e9quences sur la sant\u00e9 au fil du temps et acc\u00e9l\u00e9rer le vieillissement. La restauration de l'intestin gr\u00eale et du c\u00f4lon permet d'\u00e9viter le d\u00e9veloppement de nombreuses maladies.  Le r\u00e9sultat est un corps plus sain et plein d'\u00e9nergie.<\/strong><\/p>\n\n\n\n<hr class=\"is-style-wide wp-block-separator has-alpha-channel-opacity\"\/>\n<\/div>\n<\/div>\n\n\n\n<h2 class=\"wp-block-heading\">Achat d'un podclass...<\/h2>\n\n\n\n<p class=\"\">S\u00e9lectionnez l'un des Podclasses ci-dessous et cliquez sur S'abonner en bas de page.<\/p>\n\n\n\n<p class=\"\">Et si vous avez d\u00e9j\u00e0 un compte, assurez-vous que vous \u00eates <strong><a href=\"https:\/\/naturalhealthrulesblog.com\/fr\/login\/\" data-type=\"link\" data-id=\"https:\/\/naturalhealthrulesblog.com\/login\">Connect\u00e9<\/a>!<\/strong><\/p>\n\n\n\n<p class=\"\">Si vous n'avez pas encore de compte, vous pouvez vous inscrire ci-dessous. (Vous ne devriez pas voir ceci si vous \u00eates d\u00e9j\u00e0 connect\u00e9)<\/p>\n\n\n\n<h3 class=\"wp-block-heading\"><strong><em>Remarque : Apr\u00e8s avoir achet\u00e9 un cours pour $49.99, vous aurez un acc\u00e8s GRATUIT pour le consulter aussi souvent que vous le souhaitez.<\/em><\/strong><\/h3>\n\n\n\n<form id=\"pms_register-form\" class=\"pms-form  pms-form-design-wrapper pms-form-style-1\" method=\"POST\" action=\"\">\n\n    \n    <input type=\"hidden\" id=\"pmstkn\" name=\"pmstkn\" value=\"e8c78edba2\" \/><input type=\"hidden\" name=\"_wp_http_referer\" value=\"\/fr\/wp-json\/wp\/v2\/pages\/537\" \/>\n    <ul class=\"pms-form-fields-wrapper\">\n\n        \n        \n        <div class=\"pms-account-section-wrapper\">\n            <h3 class=\"pms-account-details-title\">Account Details<\/h3>\n                        <li class=\"pms-field pms-user-login-field\">\n                <label for=\"pms_user_login\">Identifiant (Pr\u00e9nom Nom) *<\/label>\n                <input id=\"pms_user_login\" name=\"user_login\" type=\"text\" value=\"\" \/>\n\n                            <\/li>\n\n                        <li class=\"pms-field pms-user-email-field\">\n                <label for=\"pms_user_email\">E-mail *<\/label>\n                <input id=\"pms_user_email\" name=\"user_email\" type=\"text\" value=\"\" \/>\n\n                            <\/li>\n\n                        <li class=\"pms-field pms-first-name-field\">\n                <label for=\"pms_first_name\">Pr\u00e9nom<\/label>\n                <input id=\"pms_first_name\" name=\"first_name\" type=\"text\" value=\"\" \/>\n\n                            <\/li>\n\n                        <li class=\"pms-field pms-last-name-field\">\n                <label for=\"pms_last_name\">Nom<\/label>\n                <input id=\"pms_last_name\" name=\"last_name\" type=\"text\" value=\"\" \/>\n\n                            <\/li>\n\n                        <li class=\"pms-field pms-pass1-field\">\n                <label for=\"pms_pass1\">Mot de passe *<\/label>\n                <input id=\"pms_pass1\" name=\"pass1\" type=\"password\" \/>\n\n                \n                            <\/li>\n\n                        <li class=\"pms-field pms-pass2-field\">\n                <label for=\"pms_pass2\">Confirmer le mot de passe *<\/label>\n                <input id=\"pms_pass2\" name=\"pass2\" type=\"password\" \/>\n\n                            <\/li>\n\n                    <\/div>\n\n        \n        <li class=\"pms-field pms-field-subscriptions\"><h3 class=\"pms-subscriptions-list-title\">Select Your Online Class<\/h3><div class=\"pms-subscription-plan pms-subscription-plan-550\"><label><input type=\"radio\" name=\"subscription_plans\" data-price=\"49.99\" data-duration=\"0\" data-fixed_membership=\"\" data-allow_renew=\"\" data-sign_up_fee=\"0\" data-trial=\"0\" data-recurring=\"3\"  value=\"550\"  checked='checked'data-default-selected=\"true\" \/><span class=\"pms-subscription-plan-name\">Health Excellence -- Small Intestine\/Colon<\/span><span class=\"pms-subscription-plan-price\"><span class=\"pms-divider\"> - <\/span><span class=\"pms-subscription-plan-currency\">&#36;<\/span><span class=\"pms-subscription-plan-price-value\">49,99<\/span><\/span><span class=\"pms-subscription-plan-trial\"><\/span><span class=\"pms-subscription-plan-sign-up-fee\"><\/span><\/label><div class=\"pms-subscription-plan-description\">Part I:  The Small Intestine.  Do you feel bloated much of the time?  Do you eat a few bites of food and feel full?  Have you been told you have a weak immune system?  Learn how you can restore health in the small intestine, increase your immune system, and get rid of bad bacteria causing inflammation that creates chronic health problems.  Rebuilding the small intestine increases proper absorption of food and is the gateway to maintaining health and longevity.\r\n--------\r\nPart II:  The Colon.  Are you suffering from constipation?  Diarrhea?  Irritable Bowel Syndrome?  Recurring bouts of colitis?  Discover the causes of poor elimination, the simple solutions to correct them, and the two foods you must avoid if you want to have a healthy colon.  Toxicity from food waste not being properly eliminated can cause severe health consequences over time, and can speed up aging. Restoring the small intestine and the colon will prevent many diseases from developing.  The result is a healthier body full of energy.<\/div><\/div><div class=\"pms-subscription-plan pms-subscription-plan-549\"><label><input type=\"radio\" name=\"subscription_plans\" data-price=\"49.99\" data-duration=\"0\" data-fixed_membership=\"\" data-allow_renew=\"\" data-sign_up_fee=\"0\" data-trial=\"0\" data-recurring=\"3\"  value=\"549\" data-default-checked=\"false\" \/><span class=\"pms-subscription-plan-name\">Health Excellence -- Liver &amp; Gallbladder<\/span><span class=\"pms-subscription-plan-price\"><span class=\"pms-divider\"> - <\/span><span class=\"pms-subscription-plan-currency\">&#36;<\/span><span class=\"pms-subscription-plan-price-value\">49,99<\/span><\/span><span class=\"pms-subscription-plan-trial\"><\/span><span class=\"pms-subscription-plan-sign-up-fee\"><\/span><\/label><div class=\"pms-subscription-plan-description\">Souffrez-vous de calculs biliaires ? Vous vous r\u00e9veillez le matin et n'avez pas envie de manger, mais vous vous tournez vers le sucre et la caf\u00e9ine pour vous donner de l'\u00e9nergie pour commencer la journ\u00e9e ? On vous a dit que votre taux de cholest\u00e9rol \u00e9tait trop \u00e9lev\u00e9 et que vous deviez prendre des m\u00e9dicaments ? Vous suivez un r\u00e9gime pauvre en graisses, mais on vous a dit que vous souffriez d'une maladie du foie gras ? Ce Podclass vous apportera les r\u00e9ponses dont vous avez besoin pour corriger le probl\u00e8me, sans avoir recours aux m\u00e9dicaments ou \u00e0 la chirurgie. D\u00e9couvrez d'autres r\u00e9ponses \u00e0 d'autres maladies chroniques, telles que l'\u00e9l\u00e9vation des enzymes, la goutte, la fasciite plantaire et les faibles niveaux de fer.<\/div><\/div><div class=\"pms-subscription-plan pms-subscription-plan-548\"><label><input type=\"radio\" name=\"subscription_plans\" data-price=\"49.99\" data-duration=\"0\" data-fixed_membership=\"\" data-allow_renew=\"\" data-sign_up_fee=\"0\" data-trial=\"0\" data-recurring=\"3\"  value=\"548\" data-default-checked=\"false\" \/><span class=\"pms-subscription-plan-name\">Health Excellence -- Pancreas<\/span><span class=\"pms-subscription-plan-price\"><span class=\"pms-divider\"> - <\/span><span class=\"pms-subscription-plan-currency\">&#36;<\/span><span class=\"pms-subscription-plan-price-value\">49,99<\/span><\/span><span class=\"pms-subscription-plan-trial\"><\/span><span class=\"pms-subscription-plan-sign-up-fee\"><\/span><\/label><div class=\"pms-subscription-plan-description\">Des millions de personnes souffrent de diab\u00e8te, de r\u00e9sistance \u00e0 l'insuline ou d'hypoglyc\u00e9mie, et leur nombre augmente chaque ann\u00e9e, tout comme l'ob\u00e9sit\u00e9. La transformation moderne des aliments a permis d'introduire du sucre dans bon nombre de ces produits fabriqu\u00e9s par l'homme. Les gens sont devenus d\u00e9pendants du sucre et leurs envies sont incontr\u00f4lables. D\u00e9couvrez pourquoi le pancr\u00e9as est d\u00e9bord\u00e9 et les mesures naturelles que vous pouvez prendre pour inverser TOUS les probl\u00e8mes de glyc\u00e9mie, sans m\u00e9dicaments. D\u00e9couvrez ce qui augmente votre dur\u00e9e de vie et pourquoi cela est gard\u00e9 secret, ainsi que le r\u00f4le que joue le pancr\u00e9as dans ce domaine. Ces catalyseurs organiques sont rarement mentionn\u00e9s dans la litt\u00e9rature et peu de gens savent \u00e0 quel point ils sont importants pour allonger la dur\u00e9e de vie et surmonter les probl\u00e8mes de sant\u00e9.<\/div><\/div><div class=\"pms-subscription-plan pms-subscription-plan-504\"><label><input type=\"radio\" name=\"subscription_plans\" data-price=\"49.99\" data-duration=\"0\" data-fixed_membership=\"\" data-allow_renew=\"\" data-sign_up_fee=\"0\" data-trial=\"0\" data-recurring=\"3\"  value=\"504\" data-default-checked=\"false\" \/><span class=\"pms-subscription-plan-name\">Health Excellence -- Stomach<\/span><span class=\"pms-subscription-plan-price\"><span class=\"pms-divider\"> - <\/span><span class=\"pms-subscription-plan-currency\">&#36;<\/span><span class=\"pms-subscription-plan-price-value\">49,99<\/span><\/span><span class=\"pms-subscription-plan-trial\"><\/span><span class=\"pms-subscription-plan-sign-up-fee\"><\/span><\/label><div class=\"pms-subscription-plan-description\">Souffrez-vous de br\u00fblures d'estomac, de reflux gastriques, de ballonnements et de fatigue apr\u00e8s avoir mang\u00e9 ? Avez-vous des rots ou des \u00e9ructations apr\u00e8s avoir mang\u00e9 ? Ces sympt\u00f4mes indiquent que votre estomac ne dig\u00e8re pas correctement les aliments.\r\n\r\nDe nombreuses personnes peuvent souffrir d'indigestion pendant des ann\u00e9es. Le r\u00e9sultat est un corps mal nourri et incapable de construire un syst\u00e8me immunitaire fort. Avec le temps, cela cr\u00e9e de nombreuses conditions qui peuvent provoquer des maladies en raison de l'incapacit\u00e9 de l'organisme \u00e0 absorber les nutriments.\r\n\r\nCe podcast r\u00e9v\u00e8le les sept raisons pour lesquelles votre estomac devient dysfonctionnel, les six circonstances qui interf\u00e8rent avec la digestion des aliments et les trois habitudes que vous pouvez prendre toute votre vie pour vous assurer de tirer le meilleur parti de votre nourriture, de vieillir plus lentement et d'augmenter votre \u00e9nergie.<\/div><\/div><input type=\"hidden\" name=\"pms_default_recurring\" value=\"3\" \/><\/li>\n    <\/ul>\n\n    <span id=\"pms-submit-button-loading-placeholder-text\" style=\"display: none;\">En cours. Patientez, s&#039;il vous pla\u00eet...<\/span><div class=\"pms-paygates-holder\"><div id=\"pms-paygates-wrapper\"><h3>S\u00e9lectionner un moyen de paiement<\/h3><div id=\"pms-paygates-inner\"><label><input type=\"radio\" class=\"pms_pay_gate\" name=\"pay_gate\" value=\"paypal_connect\" data-sign_up_fee=\"1\" data-trial=\"1\" data-recurring=\"1\"  data-type=\"extra_fields\" \/><span class=\"pms-paygate-name\">PayPal<\/span><\/label><label><input type=\"radio\" class=\"pms_pay_gate\" name=\"pay_gate\" value=\"stripe_connect\"  checked='checked'data-sign_up_fee=\"1\" data-trial=\"1\" data-recurring=\"1\"  data-type=\"extra_fields\" \/><span class=\"pms-paygate-name\">Carte de cr\u00e9dit\/ d\u00e9bit<\/span><\/label><\/div><div id=\"pms-gateways-not-available\"><span>Aucune m\u00e9thode de payement n'est disponible pour le plan choisi.<\/span><\/div><\/div><ul id=\"pms-stripe-connect\" class=\"pms-field-section pms-paygate-extra-fields pms-paygate-extra-fields-stripe_connect\"><li class=\"pms-field pms-field-type-heading\"><h3>Modalit\u00e9s de paiement<\/h3><\/li><div class=\"pms-spinner__holder\"><div class=\"pms-spinner\"><\/div><\/div><div id=\"pms-stripe-payment-elements\" style=\"display:none\"><\/div><\/ul><ul id=\"pms-paypal-connect\" class=\"pms-field-section pms-paygate-extra-fields pms-paygate-extra-fields-paypal_connect\"><div class=\"pms-spinner__holder\"><div class=\"pms-spinner\"><\/div><\/div><div id=\"pms-paygate-extra-fields-paypal_connect__placeholder\"><\/div><\/ul><input class=\"pms-form-submit\" name=\"pms_register\" type=\"submit\" value=\"S&#039;inscrire\" \/><\/div><input type=\"hidden\" id=\"pms-process-checkout-nonce\" name=\"pms_process_checkout_nonce\" value=\"1965e6d693\"\/><input type=\"hidden\" id=\"stripe-pk\" value=\"pk_live_51JnRSnFVtWoWlofZMXcsWFcHwttiJKFpiqCr2o6ernALizyZxFirVbJUQ4p9SHfyOB5MISz6IxlCIFwFMpXCfBPt009H9WjaXq\" \/><input type=\"hidden\" name=\"pms_stripe_connect_payment_intent\" value=\"\"\/><input type=\"hidden\" name=\"pms_stripe_connect_setup_intent\" value=\"\"\/><input type=\"hidden\" id=\"pms-stripe-ajax-update-payment-intent-nonce\" name=\"stripe_ajax_update_payment_intent_nonce\" value=\"8c1b9a82b5\"\/>\n    \n<input type=\"hidden\" name=\"trp-form-language\" value=\"fr\"\/><\/form>\n\n\n\n\n<p class=\"\"><\/p>","protected":false},"excerpt":{"rendered":"<p>The Stomach (^ Click or tap the image above to watch the Podclass.) Are you suffering from heartburn, acid reflux, bloating, and feeling tired after you eat? Do you burp or belch after eating? These are symptoms that your stomach is not digesting food properly. Many people can suffer from indigestion for years. The result [&hellip;]<\/p>\n","protected":false},"author":4,"featured_media":0,"parent":0,"menu_order":0,"comment_status":"closed","ping_status":"closed","template":"","meta":{"nf_dc_page":"","_uag_custom_page_level_css":"","footnotes":""},"class_list":["post-537","page","type-page","status-publish","hentry"],"uagb_featured_image_src":{"full":false,"thumbnail":false,"medium":false,"medium_large":false,"large":false,"1536x1536":false,"2048x2048":false,"trp-custom-language-flag":false,"woocommerce_thumbnail":false,"woocommerce_single":false,"woocommerce_gallery_thumbnail":false},"uagb_author_info":{"display_name":"MixxX","author_link":"https:\/\/naturalhealthrulesblog.com\/fr\/author\/mub-healthexcellence\/"},"uagb_comment_info":0,"uagb_excerpt":"The Stomach (^ Click or tap the image above to watch the Podclass.) Are you suffering from heartburn, acid reflux, bloating, and feeling tired after you eat? Do you burp or belch after eating? These are symptoms that your stomach is not digesting food properly. Many people can suffer from indigestion for years. The result\u2026","_links":{"self":[{"href":"https:\/\/naturalhealthrulesblog.com\/fr\/wp-json\/wp\/v2\/pages\/537","targetHints":{"allow":["GET"]}}],"collection":[{"href":"https:\/\/naturalhealthrulesblog.com\/fr\/wp-json\/wp\/v2\/pages"}],"about":[{"href":"https:\/\/naturalhealthrulesblog.com\/fr\/wp-json\/wp\/v2\/types\/page"}],"author":[{"embeddable":true,"href":"https:\/\/naturalhealthrulesblog.com\/fr\/wp-json\/wp\/v2\/users\/4"}],"replies":[{"embeddable":true,"href":"https:\/\/naturalhealthrulesblog.com\/fr\/wp-json\/wp\/v2\/comments?post=537"}],"version-history":[{"count":20,"href":"https:\/\/naturalhealthrulesblog.com\/fr\/wp-json\/wp\/v2\/pages\/537\/revisions"}],"predecessor-version":[{"id":670,"href":"https:\/\/naturalhealthrulesblog.com\/fr\/wp-json\/wp\/v2\/pages\/537\/revisions\/670"}],"wp:attachment":[{"href":"https:\/\/naturalhealthrulesblog.com\/fr\/wp-json\/wp\/v2\/media?parent=537"}],"curies":[{"name":"wp","href":"https:\/\/api.w.org\/{rel}","templated":true}]}}