{"id":537,"date":"2025-08-01T20:46:48","date_gmt":"2025-08-01T20:46:48","guid":{"rendered":"https:\/\/naturalhealthrulesblog.com\/?page_id=537"},"modified":"2026-02-09T21:23:52","modified_gmt":"2026-02-09T21:23:52","slug":"the-podclasses","status":"publish","type":"page","link":"https:\/\/naturalhealthrulesblog.com\/es\/the-podclasses\/","title":{"rendered":"Las Podclasses"},"content":{"rendered":"<div class=\"nfd-container nfd-text-md nfd-wb-text__text-12 wp-block-group is-layout-constrained wp-block-group-is-layout-constrained\">\n<div class=\"nfd-max-w-prose wp-block-group is-vertical is-content-justification-stretch is-layout-flex wp-container-core-group-is-layout-353c4f5a wp-block-group-is-layout-flex\">\n<hr class=\"is-style-wide wp-block-separator has-alpha-channel-opacity\"\/>\n\n\n\n<h1 class=\"wp-block-heading has-text-align-center\">El est\u00f3mago<\/h1>\n\n\n\n<div class=\"wp-block-group is-content-justification-center is-nowrap is-layout-flex wp-container-core-group-is-layout-23441af8 wp-block-group-is-layout-flex\">\n<figure class=\"is-style-default nfd-rounded-sm wp-block-image size-large\"><a href=\"https:\/\/naturalhealthrulesblog.com\/es\/how-to-improve-your-digestion-stomach\/\"><img loading=\"lazy\" decoding=\"async\" width=\"1024\" height=\"575\" src=\"https:\/\/naturalhealthrulesblog.com\/wp-content\/uploads\/2024\/11\/InShot_20241124_170101326-1024x575.jpg\" alt=\"\" class=\"wp-image-462\" style=\"aspect-ratio:16\/9;object-fit:cover\" srcset=\"https:\/\/naturalhealthrulesblog.com\/wp-content\/uploads\/2024\/11\/InShot_20241124_170101326-1024x575.jpg 1024w, https:\/\/naturalhealthrulesblog.com\/wp-content\/uploads\/2024\/11\/InShot_20241124_170101326-600x337.jpg 600w, https:\/\/naturalhealthrulesblog.com\/wp-content\/uploads\/2024\/11\/InShot_20241124_170101326-300x169.jpg 300w, https:\/\/naturalhealthrulesblog.com\/wp-content\/uploads\/2024\/11\/InShot_20241124_170101326-768x432.jpg 768w, https:\/\/naturalhealthrulesblog.com\/wp-content\/uploads\/2024\/11\/InShot_20241124_170101326-1536x863.jpg 1536w, https:\/\/naturalhealthrulesblog.com\/wp-content\/uploads\/2024\/11\/InShot_20241124_170101326.jpg 1920w\" sizes=\"auto, (max-width: 1024px) 100vw, 1024px\" \/><\/a><\/figure>\n<\/div>\n\n\n\n<p class=\"has-text-align-center\">(^ Haga clic o toque la imagen de arriba para ver la Podclass).<\/p>\n\n\n\n<p class=\"\"><strong>\u00bfSufre ardor de est\u00f3mago, reflujo \u00e1cido, hinchaz\u00f3n y sensaci\u00f3n de cansancio despu\u00e9s de comer? \u00bfEructa o eructa despu\u00e9s de comer? Son s\u00edntomas de que su est\u00f3mago no digiere bien los alimentos.<\/strong><\/p>\n\n\n\n<p class=\"\"><strong>Muchas personas pueden sufrir indigesti\u00f3n durante a\u00f1os. El resultado es un cuerpo desnutrido e incapaz de desarrollar un sistema inmunitario fuerte. Con el tiempo crea muchas condiciones que pueden causar enfermedades debido a la incapacidad del cuerpo para absorber los nutrientes.<\/strong><\/p>\n\n\n\n<p class=\"\"><strong>Este podclass revela las siete razones por las que su est\u00f3mago se vuelve disfuncional, las seis circunstancias que interfieren en la capacidad de digerir los alimentos y los tres h\u00e1bitos que puede utilizar durante toda la vida para asegurarse de obtener el m\u00e1ximo valor de sus alimentos, envejecer m\u00e1s lentamente y aumentar su energ\u00eda.<\/strong><\/p>\n\n\n\n<hr class=\"is-style-wide wp-block-separator has-alpha-channel-opacity\"\/>\n<\/div>\n<\/div>\n\n\n\n<div class=\"nfd-container nfd-text-md nfd-wb-text__text-12 wp-block-group is-layout-constrained wp-block-group-is-layout-constrained\">\n<div class=\"nfd-max-w-prose wp-block-group is-vertical is-content-justification-stretch is-layout-flex wp-container-core-group-is-layout-353c4f5a wp-block-group-is-layout-flex\">\n<h1 class=\"wp-block-heading has-text-align-center\">El p\u00e1ncreas<\/h1>\n\n\n\n<div class=\"wp-block-group is-content-justification-center is-nowrap is-layout-flex wp-container-core-group-is-layout-23441af8 wp-block-group-is-layout-flex\">\n<figure class=\"is-style-default nfd-rounded-sm wp-block-image size-large\"><a href=\"https:\/\/naturalhealthrulesblog.com\/es\/how-to-improve-your-digestion-the-pancreas\/\"><img loading=\"lazy\" decoding=\"async\" width=\"1024\" height=\"575\" src=\"https:\/\/naturalhealthrulesblog.com\/wp-content\/uploads\/2025\/01\/Fat-person-and-sugar-1024x575.jpg\" alt=\"\" class=\"wp-image-468\" style=\"aspect-ratio:16\/9;object-fit:cover\" srcset=\"https:\/\/naturalhealthrulesblog.com\/wp-content\/uploads\/2025\/01\/Fat-person-and-sugar-1024x575.jpg 1024w, https:\/\/naturalhealthrulesblog.com\/wp-content\/uploads\/2025\/01\/Fat-person-and-sugar-600x337.jpg 600w, https:\/\/naturalhealthrulesblog.com\/wp-content\/uploads\/2025\/01\/Fat-person-and-sugar-300x169.jpg 300w, https:\/\/naturalhealthrulesblog.com\/wp-content\/uploads\/2025\/01\/Fat-person-and-sugar-768x432.jpg 768w, https:\/\/naturalhealthrulesblog.com\/wp-content\/uploads\/2025\/01\/Fat-person-and-sugar-1536x863.jpg 1536w, https:\/\/naturalhealthrulesblog.com\/wp-content\/uploads\/2025\/01\/Fat-person-and-sugar.jpg 1920w\" sizes=\"auto, (max-width: 1024px) 100vw, 1024px\" \/><\/a><\/figure>\n<\/div>\n\n\n\n<p class=\"has-text-align-center\">(^ Haga clic o toque la imagen de arriba para ver la Podclass).<\/p>\n\n\n\n<p class=\"\"><strong>Millones de personas padecen diabetes, resistencia a la insulina o hipoglucemia, y las cifras aumentan cada a\u00f1o, junto con la obesidad. El procesamiento moderno de los alimentos ha creado la oportunidad de a\u00f1adir az\u00facar a muchos de estos productos artificiales. Esto ha provocado que las personas se vuelvan adictas al az\u00facar y que sus antojos sean incontrolables. Aprenda por qu\u00e9 el p\u00e1ncreas se abruma, y los pasos naturales que puede tomar para revertir TODOS los problemas de az\u00facar en la sangre, sin drogas. Descubra qu\u00e9 es lo que aumenta su esperanza de vida y por qu\u00e9 se mantiene en secreto, y el papel que juega el p\u00e1ncreas en ello. Estos catalizadores org\u00e1nicos rara vez se mencionan en la literatura y pocas personas saben lo importantes que son para la duraci\u00f3n de su vida y la superaci\u00f3n de los problemas de salud.<\/strong><\/p>\n\n\n\n<hr class=\"is-style-wide wp-block-separator has-alpha-channel-opacity\"\/>\n<\/div>\n<\/div>\n\n\n\n<div class=\"nfd-container nfd-text-md nfd-wb-text__text-12 wp-block-group is-layout-constrained wp-block-group-is-layout-constrained\">\n<div class=\"nfd-max-w-prose wp-block-group is-vertical is-content-justification-stretch is-layout-flex wp-container-core-group-is-layout-353c4f5a wp-block-group-is-layout-flex\">\n<h1 class=\"wp-block-heading has-text-align-center\">El h\u00edgado y la ves\u00edcula biliar<\/h1>\n\n\n\n<div class=\"wp-block-group is-content-justification-center is-nowrap is-layout-flex wp-container-core-group-is-layout-23441af8 wp-block-group-is-layout-flex\">\n<figure class=\"is-style-default nfd-rounded-sm wp-block-image size-large\"><a href=\"https:\/\/naturalhealthrulesblog.com\/es\/how-to-improve-your-digestion-liver-gallbladder\/\"><img loading=\"lazy\" decoding=\"async\" width=\"1024\" height=\"575\" src=\"https:\/\/naturalhealthrulesblog.com\/wp-content\/uploads\/2025\/02\/InShot_20250223_204104594-1024x575.jpg\" alt=\"\" class=\"wp-image-474\" style=\"aspect-ratio:16\/9;object-fit:cover\" srcset=\"https:\/\/naturalhealthrulesblog.com\/wp-content\/uploads\/2025\/02\/InShot_20250223_204104594-1024x575.jpg 1024w, https:\/\/naturalhealthrulesblog.com\/wp-content\/uploads\/2025\/02\/InShot_20250223_204104594-600x337.jpg 600w, https:\/\/naturalhealthrulesblog.com\/wp-content\/uploads\/2025\/02\/InShot_20250223_204104594-300x169.jpg 300w, https:\/\/naturalhealthrulesblog.com\/wp-content\/uploads\/2025\/02\/InShot_20250223_204104594-768x432.jpg 768w, https:\/\/naturalhealthrulesblog.com\/wp-content\/uploads\/2025\/02\/InShot_20250223_204104594-1536x863.jpg 1536w, https:\/\/naturalhealthrulesblog.com\/wp-content\/uploads\/2025\/02\/InShot_20250223_204104594.jpg 1920w\" sizes=\"auto, (max-width: 1024px) 100vw, 1024px\" \/><\/a><\/figure>\n<\/div>\n\n\n\n<p class=\"has-text-align-center\">(^ Haga clic o toque la imagen de arriba para ver la Podclass).<\/p>\n\n\n\n<p class=\"\"><strong>\u00bfSufre de c\u00e1lculos biliares? \u00bfSe levanta por las ma\u00f1anas sin ganas de comer y recurre al az\u00facar y la cafe\u00edna para empezar el d\u00eda con energ\u00eda? \u00bfLe han dicho que sus niveles de colesterol son demasiado altos y tiene que tomar medicamentos? \u00bfSigue una dieta baja en grasas pero le han dicho que padece h\u00edgado graso? Esta Podclass le dar\u00e1 las respuestas que necesita para corregir el problema, sin recurrir a f\u00e1rmacos ni a la cirug\u00eda. Descubra m\u00e1s respuestas a otras afecciones cr\u00f3nicas, como: enzimas elevadas, gota, fascitis plantar y niveles bajos de hierro.<\/strong><\/p>\n\n\n\n<hr class=\"is-style-wide wp-block-separator has-alpha-channel-opacity\"\/>\n<\/div>\n<\/div>\n\n\n\n<div class=\"nfd-container nfd-text-md nfd-wb-text__text-12 wp-block-group is-layout-constrained wp-block-group-is-layout-constrained\">\n<div class=\"nfd-max-w-prose wp-block-group is-vertical is-content-justification-stretch is-layout-flex wp-container-core-group-is-layout-353c4f5a wp-block-group-is-layout-flex\">\n<h1 class=\"wp-block-heading has-text-align-center\">Intestino delgado y colon<\/h1>\n\n\n\n<div class=\"wp-block-group is-content-justification-center is-nowrap is-layout-flex wp-container-core-group-is-layout-23441af8 wp-block-group-is-layout-flex\">\n<figure class=\"is-style-default nfd-rounded-sm wp-block-image size-large\"><a href=\"https:\/\/naturalhealthrulesblog.com\/es\/how-to-improve-your-digestion-small-intestine-colon\/\"><img loading=\"lazy\" decoding=\"async\" width=\"1024\" height=\"575\" src=\"https:\/\/naturalhealthrulesblog.com\/wp-content\/uploads\/2025\/08\/1000009479-1024x575.jpg\" alt=\"Intestines Thumbnail\" class=\"wp-image-581\" style=\"aspect-ratio:16\/9;object-fit:cover\" srcset=\"https:\/\/naturalhealthrulesblog.com\/wp-content\/uploads\/2025\/08\/1000009479-1024x575.jpg 1024w, https:\/\/naturalhealthrulesblog.com\/wp-content\/uploads\/2025\/08\/1000009479-600x337.jpg 600w, https:\/\/naturalhealthrulesblog.com\/wp-content\/uploads\/2025\/08\/1000009479-300x169.jpg 300w, https:\/\/naturalhealthrulesblog.com\/wp-content\/uploads\/2025\/08\/1000009479-768x432.jpg 768w, https:\/\/naturalhealthrulesblog.com\/wp-content\/uploads\/2025\/08\/1000009479-1536x863.jpg 1536w, https:\/\/naturalhealthrulesblog.com\/wp-content\/uploads\/2025\/08\/1000009479.jpg 1920w\" sizes=\"auto, (max-width: 1024px) 100vw, 1024px\" \/><\/a><\/figure>\n<\/div>\n\n\n\n<p class=\"has-text-align-center\">(^ Haga clic o toque la imagen de arriba para ver la Podclass).<\/p>\n\n\n\n<p class=\"\"><strong>Parte I: El intestino delgado.  \u00bfSe siente hinchado la mayor parte del tiempo?  \u00bfCome unos pocos bocados y se siente lleno?  \u00bfLe han dicho que tiene un sistema inmunitario d\u00e9bil?  Aprenda c\u00f3mo puede restaurar la salud en el intestino delgado, aumentar su sistema inmunol\u00f3gico y deshacerse de las bacterias malas que causan la inflamaci\u00f3n que crea problemas cr\u00f3nicos de salud.  La reconstrucci\u00f3n del intestino delgado aumenta la absorci\u00f3n adecuada de los alimentos y es la puerta de entrada para mantener la salud y la longevidad.<\/strong><\/p>\n\n\n\n<p class=\"\"><strong>Parte II: El colon.  \u00bfSufre de estre\u00f1imiento?  \u00bfDiarrea?  \u00bfS\u00edndrome del intestino irritable?  \u00bfColitis recurrente?  Descubra las causas de una mala eliminaci\u00f3n, las soluciones sencillas para corregirlas y los dos alimentos que debe evitar si quiere tener un colon sano.  La toxicidad de los residuos de alimentos que no se eliminan correctamente puede causar graves consecuencias para la salud con el tiempo, y puede acelerar el envejecimiento. Restaurar el intestino delgado y el colon evitar\u00e1 el desarrollo de muchas enfermedades.  El resultado es un cuerpo m\u00e1s sano y lleno de energ\u00eda.<\/strong><\/p>\n\n\n\n<hr class=\"is-style-wide wp-block-separator has-alpha-channel-opacity\"\/>\n<\/div>\n<\/div>\n\n\n\n<h2 class=\"wp-block-heading\">Comprar una Podclass...<\/h2>\n\n\n\n<p class=\"\">Seleccione una de las Podclasses de abajo y haga clic en Suscribirse en la parte inferior.<\/p>\n\n\n\n<p class=\"\">Y si ya tienes una cuenta, aseg\u00farate de que est\u00e1s <strong><a href=\"https:\/\/naturalhealthrulesblog.com\/es\/login\/\" data-type=\"link\" data-id=\"https:\/\/naturalhealthrulesblog.com\/login\">Conectado<\/a>!<\/strong><\/p>\n\n\n\n<p class=\"\">Si a\u00fan no tiene una cuenta, puede registrarse a continuaci\u00f3n. (No deber\u00eda ver esto si ya ha iniciado sesi\u00f3n).<\/p>\n\n\n\n<h3 class=\"wp-block-heading\"><strong><em>Nota: Despu\u00e9s de comprar una clase por $49.99, tendr\u00e1s acceso GRATUITO para verla tantas veces como quieras.<\/em><\/strong><\/h3>\n\n\n\n<form id=\"pms_register-form\" class=\"pms-form  pms-form-design-wrapper pms-form-style-1\" method=\"POST\" action=\"\">\n\n    \n    <input type=\"hidden\" id=\"pmstkn\" name=\"pmstkn\" value=\"e8c78edba2\" \/><input type=\"hidden\" name=\"_wp_http_referer\" value=\"\/es\/wp-json\/wp\/v2\/pages\/537\" \/>\n    <ul class=\"pms-form-fields-wrapper\">\n\n        \n        \n        <div class=\"pms-account-section-wrapper\">\n            <h3 class=\"pms-account-details-title\">Detalles de la cuenta<\/h3>\n                        <li class=\"pms-field pms-user-login-field\">\n                <label for=\"pms_user_login\">Nombre de usuario *<\/label>\n                <input id=\"pms_user_login\" name=\"user_login\" type=\"text\" value=\"\" \/>\n\n                            <\/li>\n\n                        <li class=\"pms-field pms-user-email-field\">\n                <label for=\"pms_user_email\">Correo electr\u00f3nico *<\/label>\n                <input id=\"pms_user_email\" name=\"user_email\" type=\"text\" value=\"\" \/>\n\n                            <\/li>\n\n                        <li class=\"pms-field pms-first-name-field\">\n                <label for=\"pms_first_name\">Nombre<\/label>\n                <input id=\"pms_first_name\" name=\"first_name\" type=\"text\" value=\"\" \/>\n\n                            <\/li>\n\n                        <li class=\"pms-field pms-last-name-field\">\n                <label for=\"pms_last_name\">Apellido<\/label>\n                <input id=\"pms_last_name\" name=\"last_name\" type=\"text\" value=\"\" \/>\n\n                            <\/li>\n\n                        <li class=\"pms-field pms-pass1-field\">\n                <label for=\"pms_pass1\">Contrase\u00f1a *<\/label>\n                <input id=\"pms_pass1\" name=\"pass1\" type=\"password\" \/>\n\n                \n                            <\/li>\n\n                        <li class=\"pms-field pms-pass2-field\">\n                <label for=\"pms_pass2\">Repetir Contrase\u00f1a *<\/label>\n                <input id=\"pms_pass2\" name=\"pass2\" type=\"password\" \/>\n\n                            <\/li>\n\n                    <\/div>\n\n        \n        <li class=\"pms-field pms-field-subscriptions\"><h3 class=\"pms-subscriptions-list-title\">Elige tu clase en l\u00ednea<\/h3><div class=\"pms-subscription-plan pms-subscription-plan-550\"><label><input type=\"radio\" name=\"subscription_plans\" data-price=\"49.99\" data-duration=\"0\" data-fixed_membership=\"\" data-allow_renew=\"\" data-sign_up_fee=\"0\" data-trial=\"0\" data-recurring=\"3\"  value=\"550\"  checked='checked'data-default-selected=\"true\" \/><span class=\"pms-subscription-plan-name\">Excelencia en salud: intestino delgado y colon<\/span><span class=\"pms-subscription-plan-price\"><span class=\"pms-divider\"> - <\/span><span class=\"pms-subscription-plan-currency\">&#36;<\/span><span class=\"pms-subscription-plan-price-value\">49.99<\/span><\/span><span class=\"pms-subscription-plan-trial\"><\/span><span class=\"pms-subscription-plan-sign-up-fee\"><\/span><\/label><div class=\"pms-subscription-plan-description\">Parte I: El intestino delgado. \u00bfTe sientes hinchado la mayor parte del tiempo? \u00bfTe sientes lleno despu\u00e9s de comer solo unos bocados? \u00bfTe han dicho que tienes un sistema inmunol\u00f3gico d\u00e9bil? Descubre c\u00f3mo puedes recuperar la salud del intestino delgado, fortalecer tu sistema inmunol\u00f3gico y eliminar las bacterias nocivas que causan inflamaci\u00f3n y provocan problemas de salud cr\u00f3nicos.  Reconstruir el intestino delgado aumenta la absorci\u00f3n adecuada de los alimentos y es la clave para mantener la salud y la longevidad. -------- Parte II: El colon. \u00bfSufres de estre\u00f1imiento? \u00bfDiarrrea? \u00bfS\u00edndrome del intestino irritable?  \u00bfEpisodios recurrentes de colitis? Descubra las causas de la mala eliminaci\u00f3n, las soluciones sencillas para corregirlas y los dos alimentos que debe evitar si desea tener un colon sano. La toxicidad derivada de los residuos alimenticios que no se eliminan adecuadamente puede causar graves consecuencias para la salud con el tiempo y acelerar el envejecimiento. Restaurar el intestino delgado y el colon prevendr\u00e1 el desarrollo de muchas enfermedades. El resultado es un cuerpo m\u00e1s sano y lleno de energ\u00eda.<\/div><\/div><div class=\"pms-subscription-plan pms-subscription-plan-549\"><label><input type=\"radio\" name=\"subscription_plans\" data-price=\"49.99\" data-duration=\"0\" data-fixed_membership=\"\" data-allow_renew=\"\" data-sign_up_fee=\"0\" data-trial=\"0\" data-recurring=\"3\"  value=\"549\" data-default-checked=\"false\" \/><span class=\"pms-subscription-plan-name\">Excelencia en salud: h\u00edgado y ves\u00edcula biliar<\/span><span class=\"pms-subscription-plan-price\"><span class=\"pms-divider\"> - <\/span><span class=\"pms-subscription-plan-currency\">&#36;<\/span><span class=\"pms-subscription-plan-price-value\">49.99<\/span><\/span><span class=\"pms-subscription-plan-trial\"><\/span><span class=\"pms-subscription-plan-sign-up-fee\"><\/span><\/label><div class=\"pms-subscription-plan-description\">\u00bfSufre de c\u00e1lculos biliares? \u00bfSe levanta por las ma\u00f1anas sin ganas de comer y recurre al az\u00facar y la cafe\u00edna para empezar el d\u00eda con energ\u00eda? \u00bfLe han dicho que sus niveles de colesterol son demasiado altos y tiene que tomar medicamentos? \u00bfSigue una dieta baja en grasas pero le han dicho que padece h\u00edgado graso? Esta Podclass le dar\u00e1 las respuestas que necesita para corregir el problema, sin recurrir a f\u00e1rmacos ni a la cirug\u00eda. Descubra m\u00e1s respuestas a otras afecciones cr\u00f3nicas, como: enzimas elevadas, gota, fascitis plantar y niveles bajos de hierro.<\/div><\/div><div class=\"pms-subscription-plan pms-subscription-plan-548\"><label><input type=\"radio\" name=\"subscription_plans\" data-price=\"49.99\" data-duration=\"0\" data-fixed_membership=\"\" data-allow_renew=\"\" data-sign_up_fee=\"0\" data-trial=\"0\" data-recurring=\"3\"  value=\"548\" data-default-checked=\"false\" \/><span class=\"pms-subscription-plan-name\">Excelencia en salud -- P\u00e1ncreas<\/span><span class=\"pms-subscription-plan-price\"><span class=\"pms-divider\"> - <\/span><span class=\"pms-subscription-plan-currency\">&#36;<\/span><span class=\"pms-subscription-plan-price-value\">49.99<\/span><\/span><span class=\"pms-subscription-plan-trial\"><\/span><span class=\"pms-subscription-plan-sign-up-fee\"><\/span><\/label><div class=\"pms-subscription-plan-description\">Millones de personas padecen diabetes, resistencia a la insulina o hipoglucemia, y las cifras aumentan cada a\u00f1o, junto con la obesidad. El procesamiento moderno de los alimentos ha creado la oportunidad de a\u00f1adir az\u00facar a muchos de estos productos artificiales. Esto ha provocado que las personas se vuelvan adictas al az\u00facar y que sus antojos sean incontrolables. Aprenda por qu\u00e9 el p\u00e1ncreas se abruma, y los pasos naturales que puede tomar para revertir TODOS los problemas de az\u00facar en la sangre, sin drogas. Descubra qu\u00e9 es lo que aumenta su esperanza de vida y por qu\u00e9 se mantiene en secreto, y el papel que juega el p\u00e1ncreas en ello. Estos catalizadores org\u00e1nicos rara vez se mencionan en la literatura y pocas personas saben lo importantes que son para la duraci\u00f3n de su vida y la superaci\u00f3n de los problemas de salud.<\/div><\/div><div class=\"pms-subscription-plan pms-subscription-plan-504\"><label><input type=\"radio\" name=\"subscription_plans\" data-price=\"49.99\" data-duration=\"0\" data-fixed_membership=\"\" data-allow_renew=\"\" data-sign_up_fee=\"0\" data-trial=\"0\" data-recurring=\"3\"  value=\"504\" data-default-checked=\"false\" \/><span class=\"pms-subscription-plan-name\">Excelencia en salud -- Est\u00f3mago<\/span><span class=\"pms-subscription-plan-price\"><span class=\"pms-divider\"> - <\/span><span class=\"pms-subscription-plan-currency\">&#36;<\/span><span class=\"pms-subscription-plan-price-value\">49.99<\/span><\/span><span class=\"pms-subscription-plan-trial\"><\/span><span class=\"pms-subscription-plan-sign-up-fee\"><\/span><\/label><div class=\"pms-subscription-plan-description\">\u00bfSufre ardor de est\u00f3mago, reflujo \u00e1cido, hinchaz\u00f3n y sensaci\u00f3n de cansancio despu\u00e9s de comer? \u00bfEructa o eructa despu\u00e9s de comer? Son s\u00edntomas de que su est\u00f3mago no digiere bien los alimentos.\r\n\r\nMuchas personas pueden sufrir indigesti\u00f3n durante a\u00f1os. El resultado es un cuerpo desnutrido e incapaz de desarrollar un sistema inmunitario fuerte. Con el tiempo se crean muchas condiciones que pueden causar enfermedades debido a la incapacidad del cuerpo para absorber los nutrientes.\r\n\r\nEste podclass revela las siete razones por las que su est\u00f3mago se vuelve disfuncional, las seis circunstancias que interfieren con la capacidad de digerir los alimentos y los tres h\u00e1bitos que puede utilizar durante toda la vida para asegurarse de obtener el m\u00e1ximo valor de sus alimentos, envejecer m\u00e1s lentamente y aumentar su energ\u00eda.<\/div><\/div><input type=\"hidden\" name=\"pms_default_recurring\" value=\"3\" \/><\/li>\n    <\/ul>\n\n    <span id=\"pms-submit-button-loading-placeholder-text\" style=\"display: none;\">Procesando. Por favor, espere...<\/span><div class=\"pms-paygates-holder\"><div id=\"pms-paygates-wrapper\"><h3>Seleccione un m\u00e9todo de pago<\/h3><div id=\"pms-paygates-inner\"><label><input type=\"radio\" class=\"pms_pay_gate\" name=\"pay_gate\" value=\"paypal_connect\" data-sign_up_fee=\"1\" data-trial=\"1\" data-recurring=\"1\"  data-type=\"extra_fields\" \/><span class=\"pms-paygate-name\">PayPal<\/span><\/label><label><input type=\"radio\" class=\"pms_pay_gate\" name=\"pay_gate\" value=\"stripe_connect\"  checked='checked'data-sign_up_fee=\"1\" data-trial=\"1\" data-recurring=\"1\"  data-type=\"extra_fields\" \/><span class=\"pms-paygate-name\">Tarjeta de cr\u00e9dito\/d\u00e9bito<\/span><\/label><\/div><div id=\"pms-gateways-not-available\"><span>No hay m\u00e9todos de pago disponibles para el plan de suscripci\u00f3n seleccionado.<\/span><\/div><\/div><ul id=\"pms-stripe-connect\" class=\"pms-field-section pms-paygate-extra-fields pms-paygate-extra-fields-stripe_connect\"><li class=\"pms-field pms-field-type-heading\"><h3>Datos de pago<\/h3><\/li><div class=\"pms-spinner__holder\"><div class=\"pms-spinner\"><\/div><\/div><div id=\"pms-stripe-payment-elements\" style=\"display:none\"><\/div><\/ul><ul id=\"pms-paypal-connect\" class=\"pms-field-section pms-paygate-extra-fields pms-paygate-extra-fields-paypal_connect\"><div class=\"pms-spinner__holder\"><div class=\"pms-spinner\"><\/div><\/div><div id=\"pms-paygate-extra-fields-paypal_connect__placeholder\"><\/div><\/ul><input class=\"pms-form-submit\" name=\"pms_register\" type=\"submit\" value=\"Registro\" \/><\/div><input type=\"hidden\" id=\"pms-process-checkout-nonce\" name=\"pms_process_checkout_nonce\" value=\"1965e6d693\"\/><input type=\"hidden\" id=\"stripe-pk\" value=\"pk_live_51JnRSnFVtWoWlofZMXcsWFcHwttiJKFpiqCr2o6ernALizyZxFirVbJUQ4p9SHfyOB5MISz6IxlCIFwFMpXCfBPt009H9WjaXq\" \/><input type=\"hidden\" name=\"pms_stripe_connect_payment_intent\" value=\"\"\/><input type=\"hidden\" name=\"pms_stripe_connect_setup_intent\" value=\"\"\/><input type=\"hidden\" id=\"pms-stripe-ajax-update-payment-intent-nonce\" name=\"stripe_ajax_update_payment_intent_nonce\" value=\"8c1b9a82b5\"\/>\n    \n<input type=\"hidden\" name=\"trp-form-language\" value=\"es\"\/><\/form>\n\n\n\n\n<p class=\"\"><\/p>","protected":false},"excerpt":{"rendered":"<p>The Stomach (^ Click or tap the image above to watch the Podclass.) Are you suffering from heartburn, acid reflux, bloating, and feeling tired after you eat? Do you burp or belch after eating? These are symptoms that your stomach is not digesting food properly. Many people can suffer from indigestion for years. The result [&hellip;]<\/p>\n","protected":false},"author":4,"featured_media":0,"parent":0,"menu_order":0,"comment_status":"closed","ping_status":"closed","template":"","meta":{"nf_dc_page":"","_uag_custom_page_level_css":"","footnotes":""},"class_list":["post-537","page","type-page","status-publish","hentry"],"uagb_featured_image_src":{"full":false,"thumbnail":false,"medium":false,"medium_large":false,"large":false,"1536x1536":false,"2048x2048":false,"trp-custom-language-flag":false,"woocommerce_thumbnail":false,"woocommerce_single":false,"woocommerce_gallery_thumbnail":false},"uagb_author_info":{"display_name":"MixxX","author_link":"https:\/\/naturalhealthrulesblog.com\/es\/author\/mub-healthexcellence\/"},"uagb_comment_info":0,"uagb_excerpt":"The Stomach (^ Click or tap the image above to watch the Podclass.) Are you suffering from heartburn, acid reflux, bloating, and feeling tired after you eat? Do you burp or belch after eating? These are symptoms that your stomach is not digesting food properly. Many people can suffer from indigestion for years. The result&hellip;","_links":{"self":[{"href":"https:\/\/naturalhealthrulesblog.com\/es\/wp-json\/wp\/v2\/pages\/537","targetHints":{"allow":["GET"]}}],"collection":[{"href":"https:\/\/naturalhealthrulesblog.com\/es\/wp-json\/wp\/v2\/pages"}],"about":[{"href":"https:\/\/naturalhealthrulesblog.com\/es\/wp-json\/wp\/v2\/types\/page"}],"author":[{"embeddable":true,"href":"https:\/\/naturalhealthrulesblog.com\/es\/wp-json\/wp\/v2\/users\/4"}],"replies":[{"embeddable":true,"href":"https:\/\/naturalhealthrulesblog.com\/es\/wp-json\/wp\/v2\/comments?post=537"}],"version-history":[{"count":20,"href":"https:\/\/naturalhealthrulesblog.com\/es\/wp-json\/wp\/v2\/pages\/537\/revisions"}],"predecessor-version":[{"id":670,"href":"https:\/\/naturalhealthrulesblog.com\/es\/wp-json\/wp\/v2\/pages\/537\/revisions\/670"}],"wp:attachment":[{"href":"https:\/\/naturalhealthrulesblog.com\/es\/wp-json\/wp\/v2\/media?parent=537"}],"curies":[{"name":"wp","href":"https:\/\/api.w.org\/{rel}","templated":true}]}}