{"id":655,"date":"2025-08-05T03:04:34","date_gmt":"2025-08-05T03:04:34","guid":{"rendered":"https:\/\/naturalhealthrulesblog.com\/?page_id=655"},"modified":"2025-08-05T03:04:38","modified_gmt":"2025-08-05T03:04:38","slug":"register","status":"publish","type":"page","link":"https:\/\/naturalhealthrulesblog.com\/de\/register\/","title":{"rendered":"Register"},"content":{"rendered":"<form id=\"pms_register-form\" class=\"pms-form  pms-form-design-wrapper pms-form-style-1\" method=\"POST\" action=\"\">\n\n    \n    <input type=\"hidden\" id=\"pmstkn\" name=\"pmstkn\" value=\"e8c78edba2\" \/><input type=\"hidden\" name=\"_wp_http_referer\" value=\"\/de\/wp-json\/wp\/v2\/pages\/655\" \/>\n    <ul class=\"pms-form-fields-wrapper\">\n\n        \n        \n        <div class=\"pms-account-section-wrapper\">\n            <h3 class=\"pms-account-details-title\">Konto Details<\/h3>\n                        <li class=\"pms-field pms-user-login-field\">\n                <label for=\"pms_user_login\">Benutzername *<\/label>\n                <input id=\"pms_user_login\" name=\"user_login\" type=\"text\" value=\"\" \/>\n\n                            <\/li>\n\n                        <li class=\"pms-field pms-user-email-field\">\n                <label for=\"pms_user_email\">E-Mail *<\/label>\n                <input id=\"pms_user_email\" name=\"user_email\" type=\"text\" value=\"\" \/>\n\n                            <\/li>\n\n                        <li class=\"pms-field pms-first-name-field\">\n                <label for=\"pms_first_name\">Vorname<\/label>\n                <input id=\"pms_first_name\" name=\"first_name\" type=\"text\" value=\"\" \/>\n\n                            <\/li>\n\n                        <li class=\"pms-field pms-last-name-field\">\n                <label for=\"pms_last_name\">Nachname<\/label>\n                <input id=\"pms_last_name\" name=\"last_name\" type=\"text\" value=\"\" \/>\n\n                            <\/li>\n\n                        <li class=\"pms-field pms-pass1-field\">\n                <label for=\"pms_pass1\">Passwort *<\/label>\n                <input id=\"pms_pass1\" name=\"pass1\" type=\"password\" \/>\n\n                \n                            <\/li>\n\n                        <li class=\"pms-field pms-pass2-field\">\n                <label for=\"pms_pass2\">Passwort wiederholen *<\/label>\n                <input id=\"pms_pass2\" name=\"pass2\" type=\"password\" \/>\n\n                            <\/li>\n\n                    <\/div>\n\n        \n        <li class=\"pms-field pms-field-subscriptions\"><h3 class=\"pms-subscriptions-list-title\">Select Your Online Class<\/h3><div class=\"pms-subscription-plan pms-subscription-plan-550\"><label><input type=\"radio\" name=\"subscription_plans\" data-price=\"49.99\" data-duration=\"0\" data-fixed_membership=\"\" data-allow_renew=\"\" data-sign_up_fee=\"0\" data-trial=\"0\" data-recurring=\"3\"  value=\"550\"  checked='checked'data-default-selected=\"true\" \/><span class=\"pms-subscription-plan-name\">Health Excellence -- Small Intestine\/Colon<\/span><span class=\"pms-subscription-plan-price\"><span class=\"pms-divider\"> - <\/span><span class=\"pms-subscription-plan-currency\">&#36;<\/span><span class=\"pms-subscription-plan-price-value\">49,99<\/span><\/span><span class=\"pms-subscription-plan-trial\"><\/span><span class=\"pms-subscription-plan-sign-up-fee\"><\/span><\/label><div class=\"pms-subscription-plan-description\">Part I:  The Small Intestine.  Do you feel bloated much of the time?  Do you eat a few bites of food and feel full?  Have you been told you have a weak immune system?  Learn how you can restore health in the small intestine, increase your immune system, and get rid of bad bacteria causing inflammation that creates chronic health problems.  Rebuilding the small intestine increases proper absorption of food and is the gateway to maintaining health and longevity.\r\n--------\r\nPart II:  The Colon.  Are you suffering from constipation?  Diarrhea?  Irritable Bowel Syndrome?  Recurring bouts of colitis?  Discover the causes of poor elimination, the simple solutions to correct them, and the two foods you must avoid if you want to have a healthy colon.  Toxicity from food waste not being properly eliminated can cause severe health consequences over time, and can speed up aging. Restoring the small intestine and the colon will prevent many diseases from developing.  The result is a healthier body full of energy.<\/div><\/div><div class=\"pms-subscription-plan pms-subscription-plan-549\"><label><input type=\"radio\" name=\"subscription_plans\" data-price=\"49.99\" data-duration=\"0\" data-fixed_membership=\"\" data-allow_renew=\"\" data-sign_up_fee=\"0\" data-trial=\"0\" data-recurring=\"3\"  value=\"549\" data-default-checked=\"false\" \/><span class=\"pms-subscription-plan-name\">Health Excellence -- Liver &amp; Gallbladder<\/span><span class=\"pms-subscription-plan-price\"><span class=\"pms-divider\"> - <\/span><span class=\"pms-subscription-plan-currency\">&#36;<\/span><span class=\"pms-subscription-plan-price-value\">49,99<\/span><\/span><span class=\"pms-subscription-plan-trial\"><\/span><span class=\"pms-subscription-plan-sign-up-fee\"><\/span><\/label><div class=\"pms-subscription-plan-description\">Leiden Sie unter Gallensteinen? Wachen Sie morgens auf und haben keine Lust zu essen, sondern greifen zu Zucker und Koffein, um Energie f\u00fcr den Tag zu haben? Hat man Ihnen gesagt, Ihr Cholesterinspiegel sei zu hoch und Sie m\u00fcssten Medikamente einnehmen? Ern\u00e4hren Sie sich fettarm, aber man hat Ihnen gesagt, Sie h\u00e4tten eine Fettlebererkrankung? In dieser Podclass finden Sie die Antworten, die Sie brauchen, um das Problem zu beheben, ohne zu Medikamenten oder einer Operation greifen zu m\u00fcssen. Erfahren Sie mehr \u00fcber andere chronische Erkrankungen, wie z. B. erh\u00f6hte Enzyme, Gicht, Plantarfasziitis und niedrige Eisenwerte.<\/div><\/div><div class=\"pms-subscription-plan pms-subscription-plan-548\"><label><input type=\"radio\" name=\"subscription_plans\" data-price=\"49.99\" data-duration=\"0\" data-fixed_membership=\"\" data-allow_renew=\"\" data-sign_up_fee=\"0\" data-trial=\"0\" data-recurring=\"3\"  value=\"548\" data-default-checked=\"false\" \/><span class=\"pms-subscription-plan-name\">Health Excellence -- Pancreas<\/span><span class=\"pms-subscription-plan-price\"><span class=\"pms-divider\"> - <\/span><span class=\"pms-subscription-plan-currency\">&#36;<\/span><span class=\"pms-subscription-plan-price-value\">49,99<\/span><\/span><span class=\"pms-subscription-plan-trial\"><\/span><span class=\"pms-subscription-plan-sign-up-fee\"><\/span><\/label><div class=\"pms-subscription-plan-description\">Millionen von Menschen leiden an Diabetes, Insulinresistenz oder Hypoglyk\u00e4mie, und die Zahl nimmt jedes Jahr zu, ebenso wie die Zahl der Fettleibigen. Die moderne Lebensmittelverarbeitung hat die M\u00f6glichkeit geschaffen, Zucker in viele dieser k\u00fcnstlich hergestellten Produkte zu geben. Dies hat dazu gef\u00fchrt, dass die Menschen s\u00fcchtig nach Zucker werden und ihr Verlangen nach Zucker unkontrollierbar ist. Erfahren Sie, warum die Bauchspeicheldr\u00fcse \u00fcberlastet ist, und welche nat\u00fcrlichen Schritte Sie unternehmen k\u00f6nnen, um ALLE Blutzuckerprobleme ohne Medikamente zu l\u00f6sen. Finden Sie heraus, was Ihre Lebenserwartung erh\u00f6ht und warum es geheim gehalten wird, und welche Rolle die Bauchspeicheldr\u00fcse dabei spielt. Diese organischen Katalysatoren werden in der Literatur nur selten erw\u00e4hnt, und nur wenige Menschen wissen, wie wichtig sie f\u00fcr die L\u00e4nge Ihrer Lebensspanne und die \u00dcberwindung gesundheitlicher Probleme sind.<\/div><\/div><div class=\"pms-subscription-plan pms-subscription-plan-504\"><label><input type=\"radio\" name=\"subscription_plans\" data-price=\"49.99\" data-duration=\"0\" data-fixed_membership=\"\" data-allow_renew=\"\" data-sign_up_fee=\"0\" data-trial=\"0\" data-recurring=\"3\"  value=\"504\" data-default-checked=\"false\" \/><span class=\"pms-subscription-plan-name\">Health Excellence -- Stomach<\/span><span class=\"pms-subscription-plan-price\"><span class=\"pms-divider\"> - <\/span><span class=\"pms-subscription-plan-currency\">&#36;<\/span><span class=\"pms-subscription-plan-price-value\">49,99<\/span><\/span><span class=\"pms-subscription-plan-trial\"><\/span><span class=\"pms-subscription-plan-sign-up-fee\"><\/span><\/label><div class=\"pms-subscription-plan-description\">Leiden Sie unter Sodbrennen, saurem Reflux, Bl\u00e4hungen und M\u00fcdigkeit nach dem Essen? M\u00fcssen Sie nach dem Essen aufsto\u00dfen oder r\u00fclpsen? Dies sind Symptome daf\u00fcr, dass Ihr Magen die Nahrung nicht richtig verdaut.\r\n\r\nViele Menschen k\u00f6nnen jahrelang an Verdauungsst\u00f6rungen leiden. Das Ergebnis ist ein K\u00f6rper, der unterern\u00e4hrt ist und kein starkes Immunsystem aufbauen kann. Im Laufe der Zeit k\u00f6nnen viele Krankheiten entstehen, weil der K\u00f6rper nicht in der Lage ist, N\u00e4hrstoffe aufzunehmen.\r\n\r\nDiese Podklasse enth\u00fcllt die sieben Gr\u00fcnde, warum Ihr Magen nicht mehr richtig funktioniert, die sechs Umst\u00e4nde, die die Verdauung der Nahrung behindern, und die drei Gewohnheiten, die Sie ein Leben lang anwenden k\u00f6nnen, um sicherzustellen, dass Sie den gr\u00f6\u00dften Nutzen aus Ihrer Nahrung ziehen, langsamer altern und Ihre Energie steigern.<\/div><\/div><input type=\"hidden\" name=\"pms_default_recurring\" value=\"3\" \/><\/li>\n    <\/ul>\n\n    <span id=\"pms-submit-button-loading-placeholder-text\" style=\"display: none;\">In Bearbeitung. Bitte kurz warten...<\/span><div class=\"pms-paygates-holder\"><div id=\"pms-paygates-wrapper\"><h3>Zahlungsmethode ausw\u00e4hlen<\/h3><div id=\"pms-paygates-inner\"><label><input type=\"radio\" class=\"pms_pay_gate\" name=\"pay_gate\" value=\"paypal_connect\" data-sign_up_fee=\"1\" data-trial=\"1\" data-recurring=\"1\"  data-type=\"extra_fields\" \/><span class=\"pms-paygate-name\">PayPal<\/span><\/label><label><input type=\"radio\" class=\"pms_pay_gate\" name=\"pay_gate\" value=\"stripe_connect\"  checked='checked'data-sign_up_fee=\"1\" data-trial=\"1\" data-recurring=\"1\"  data-type=\"extra_fields\" \/><span class=\"pms-paygate-name\">Kredit-\/Debitkarte<\/span><\/label><\/div><div id=\"pms-gateways-not-available\"><span>F\u00fcr das ausgew\u00e4hlte Abo sind keine Zahlungsmethoden verf\u00fcgbar.<\/span><\/div><\/div><ul id=\"pms-stripe-connect\" class=\"pms-field-section pms-paygate-extra-fields pms-paygate-extra-fields-stripe_connect\"><li class=\"pms-field pms-field-type-heading\"><h3>Details zur Bezahlung<\/h3><\/li><div class=\"pms-spinner__holder\"><div class=\"pms-spinner\"><\/div><\/div><div id=\"pms-stripe-payment-elements\" style=\"display:none\"><\/div><\/ul><ul id=\"pms-paypal-connect\" class=\"pms-field-section pms-paygate-extra-fields pms-paygate-extra-fields-paypal_connect\"><div class=\"pms-spinner__holder\"><div class=\"pms-spinner\"><\/div><\/div><div id=\"pms-paygate-extra-fields-paypal_connect__placeholder\"><\/div><\/ul><input class=\"pms-form-submit\" name=\"pms_register\" type=\"submit\" value=\"Registrieren\" \/><\/div><input type=\"hidden\" id=\"pms-process-checkout-nonce\" name=\"pms_process_checkout_nonce\" value=\"1965e6d693\"\/><input type=\"hidden\" id=\"stripe-pk\" value=\"pk_live_51JnRSnFVtWoWlofZMXcsWFcHwttiJKFpiqCr2o6ernALizyZxFirVbJUQ4p9SHfyOB5MISz6IxlCIFwFMpXCfBPt009H9WjaXq\" \/><input type=\"hidden\" name=\"pms_stripe_connect_payment_intent\" value=\"\"\/><input type=\"hidden\" name=\"pms_stripe_connect_setup_intent\" value=\"\"\/><input type=\"hidden\" id=\"pms-stripe-ajax-update-payment-intent-nonce\" name=\"stripe_ajax_update_payment_intent_nonce\" value=\"8c1b9a82b5\"\/>\n    \n<input type=\"hidden\" name=\"trp-form-language\" value=\"de\"\/><\/form>","protected":false},"excerpt":{"rendered":"","protected":false},"author":4,"featured_media":0,"parent":0,"menu_order":0,"comment_status":"closed","ping_status":"closed","template":"","meta":{"nf_dc_page":"","_uag_custom_page_level_css":"","footnotes":""},"class_list":["post-655","page","type-page","status-publish","hentry"],"uagb_featured_image_src":{"full":false,"thumbnail":false,"medium":false,"medium_large":false,"large":false,"1536x1536":false,"2048x2048":false,"trp-custom-language-flag":false,"woocommerce_thumbnail":false,"woocommerce_single":false,"woocommerce_gallery_thumbnail":false},"uagb_author_info":{"display_name":"MixxX","author_link":"https:\/\/naturalhealthrulesblog.com\/de\/author\/mub-healthexcellence\/"},"uagb_comment_info":0,"uagb_excerpt":null,"_links":{"self":[{"href":"https:\/\/naturalhealthrulesblog.com\/de\/wp-json\/wp\/v2\/pages\/655","targetHints":{"allow":["GET"]}}],"collection":[{"href":"https:\/\/naturalhealthrulesblog.com\/de\/wp-json\/wp\/v2\/pages"}],"about":[{"href":"https:\/\/naturalhealthrulesblog.com\/de\/wp-json\/wp\/v2\/types\/page"}],"author":[{"embeddable":true,"href":"https:\/\/naturalhealthrulesblog.com\/de\/wp-json\/wp\/v2\/users\/4"}],"replies":[{"embeddable":true,"href":"https:\/\/naturalhealthrulesblog.com\/de\/wp-json\/wp\/v2\/comments?post=655"}],"version-history":[{"count":1,"href":"https:\/\/naturalhealthrulesblog.com\/de\/wp-json\/wp\/v2\/pages\/655\/revisions"}],"predecessor-version":[{"id":656,"href":"https:\/\/naturalhealthrulesblog.com\/de\/wp-json\/wp\/v2\/pages\/655\/revisions\/656"}],"wp:attachment":[{"href":"https:\/\/naturalhealthrulesblog.com\/de\/wp-json\/wp\/v2\/media?parent=655"}],"curies":[{"name":"wp","href":"https:\/\/api.w.org\/{rel}","templated":true}]}}