{"id":537,"date":"2025-08-01T20:46:48","date_gmt":"2025-08-01T20:46:48","guid":{"rendered":"https:\/\/naturalhealthrulesblog.com\/?page_id=537"},"modified":"2026-02-09T21:23:52","modified_gmt":"2026-02-09T21:23:52","slug":"the-podclasses","status":"publish","type":"page","link":"https:\/\/naturalhealthrulesblog.com\/de\/the-podclasses\/","title":{"rendered":"Die Pod-Klassen"},"content":{"rendered":"<div class=\"nfd-container nfd-text-md nfd-wb-text__text-12 wp-block-group is-layout-constrained wp-block-group-is-layout-constrained\">\n<div class=\"nfd-max-w-prose wp-block-group is-vertical is-content-justification-stretch is-layout-flex wp-container-core-group-is-layout-353c4f5a wp-block-group-is-layout-flex\">\n<hr class=\"is-style-wide wp-block-separator has-alpha-channel-opacity\"\/>\n\n\n\n<h1 class=\"wp-block-heading has-text-align-center\">Der Magen<\/h1>\n\n\n\n<div class=\"wp-block-group is-content-justification-center is-nowrap is-layout-flex wp-container-core-group-is-layout-23441af8 wp-block-group-is-layout-flex\">\n<figure class=\"is-style-default nfd-rounded-sm wp-block-image size-large\"><a href=\"https:\/\/naturalhealthrulesblog.com\/de\/how-to-improve-your-digestion-stomach\/\"><img loading=\"lazy\" decoding=\"async\" width=\"1024\" height=\"575\" src=\"https:\/\/naturalhealthrulesblog.com\/wp-content\/uploads\/2024\/11\/InShot_20241124_170101326-1024x575.jpg\" alt=\"\" class=\"wp-image-462\" style=\"aspect-ratio:16\/9;object-fit:cover\" srcset=\"https:\/\/naturalhealthrulesblog.com\/wp-content\/uploads\/2024\/11\/InShot_20241124_170101326-1024x575.jpg 1024w, https:\/\/naturalhealthrulesblog.com\/wp-content\/uploads\/2024\/11\/InShot_20241124_170101326-600x337.jpg 600w, https:\/\/naturalhealthrulesblog.com\/wp-content\/uploads\/2024\/11\/InShot_20241124_170101326-300x169.jpg 300w, https:\/\/naturalhealthrulesblog.com\/wp-content\/uploads\/2024\/11\/InShot_20241124_170101326-768x432.jpg 768w, https:\/\/naturalhealthrulesblog.com\/wp-content\/uploads\/2024\/11\/InShot_20241124_170101326-1536x863.jpg 1536w, https:\/\/naturalhealthrulesblog.com\/wp-content\/uploads\/2024\/11\/InShot_20241124_170101326.jpg 1920w\" sizes=\"auto, (max-width: 1024px) 100vw, 1024px\" \/><\/a><\/figure>\n<\/div>\n\n\n\n<p class=\"has-text-align-center\">(^ Klicken oder tippen Sie auf das Bild oben, um die Podclass zu sehen).<\/p>\n\n\n\n<p class=\"\"><strong>Leiden Sie unter Sodbrennen, saurem Reflux, Bl\u00e4hungen und M\u00fcdigkeit nach dem Essen? M\u00fcssen Sie nach dem Essen aufsto\u00dfen oder r\u00fclpsen? Dies sind Symptome daf\u00fcr, dass Ihr Magen die Nahrung nicht richtig verdaut.<\/strong><\/p>\n\n\n\n<p class=\"\"><strong>Viele Menschen k\u00f6nnen jahrelang unter Verdauungsst\u00f6rungen leiden. Das Ergebnis ist ein K\u00f6rper, der unterern\u00e4hrt ist und kein starkes Immunsystem aufbauen kann. Im Laufe der Zeit entstehen dadurch viele Bedingungen, die zu Krankheiten f\u00fchren k\u00f6nnen, weil der K\u00f6rper keine N\u00e4hrstoffe aufnehmen kann.<\/strong><\/p>\n\n\n\n<p class=\"\"><strong>Diese Podklasse enth\u00fcllt die sieben Gr\u00fcnde, warum Ihr Magen dysfunktional wird, die sechs Umst\u00e4nde, die die Verdauung der Nahrung behindern, und die drei Gewohnheiten, die Sie ein Leben lang anwenden k\u00f6nnen, um sicherzustellen, dass Sie den gr\u00f6\u00dften Nutzen aus Ihrer Nahrung ziehen, langsamer altern und Ihre Energie steigern.<\/strong><\/p>\n\n\n\n<hr class=\"is-style-wide wp-block-separator has-alpha-channel-opacity\"\/>\n<\/div>\n<\/div>\n\n\n\n<div class=\"nfd-container nfd-text-md nfd-wb-text__text-12 wp-block-group is-layout-constrained wp-block-group-is-layout-constrained\">\n<div class=\"nfd-max-w-prose wp-block-group is-vertical is-content-justification-stretch is-layout-flex wp-container-core-group-is-layout-353c4f5a wp-block-group-is-layout-flex\">\n<h1 class=\"wp-block-heading has-text-align-center\">Die Bauchspeicheldr\u00fcse<\/h1>\n\n\n\n<div class=\"wp-block-group is-content-justification-center is-nowrap is-layout-flex wp-container-core-group-is-layout-23441af8 wp-block-group-is-layout-flex\">\n<figure class=\"is-style-default nfd-rounded-sm wp-block-image size-large\"><a href=\"https:\/\/naturalhealthrulesblog.com\/de\/how-to-improve-your-digestion-the-pancreas\/\"><img loading=\"lazy\" decoding=\"async\" width=\"1024\" height=\"575\" src=\"https:\/\/naturalhealthrulesblog.com\/wp-content\/uploads\/2025\/01\/Fat-person-and-sugar-1024x575.jpg\" alt=\"\" class=\"wp-image-468\" style=\"aspect-ratio:16\/9;object-fit:cover\" srcset=\"https:\/\/naturalhealthrulesblog.com\/wp-content\/uploads\/2025\/01\/Fat-person-and-sugar-1024x575.jpg 1024w, https:\/\/naturalhealthrulesblog.com\/wp-content\/uploads\/2025\/01\/Fat-person-and-sugar-600x337.jpg 600w, https:\/\/naturalhealthrulesblog.com\/wp-content\/uploads\/2025\/01\/Fat-person-and-sugar-300x169.jpg 300w, https:\/\/naturalhealthrulesblog.com\/wp-content\/uploads\/2025\/01\/Fat-person-and-sugar-768x432.jpg 768w, https:\/\/naturalhealthrulesblog.com\/wp-content\/uploads\/2025\/01\/Fat-person-and-sugar-1536x863.jpg 1536w, https:\/\/naturalhealthrulesblog.com\/wp-content\/uploads\/2025\/01\/Fat-person-and-sugar.jpg 1920w\" sizes=\"auto, (max-width: 1024px) 100vw, 1024px\" \/><\/a><\/figure>\n<\/div>\n\n\n\n<p class=\"has-text-align-center\">(^ Klicken oder tippen Sie auf das Bild oben, um die Podclass zu sehen).<\/p>\n\n\n\n<p class=\"\"><strong>Millionen von Menschen leiden an Diabetes, Insulinresistenz oder Hypoglyk\u00e4mie, und die Zahl nimmt jedes Jahr zu, ebenso wie die Zahl der Fettleibigen. Die moderne Lebensmittelverarbeitung hat die M\u00f6glichkeit geschaffen, Zucker in viele dieser k\u00fcnstlich hergestellten Produkte zu geben. Dies hat dazu gef\u00fchrt, dass die Menschen s\u00fcchtig nach Zucker werden und ihr Verlangen nach Zucker unkontrollierbar ist. Erfahren Sie, warum die Bauchspeicheldr\u00fcse \u00fcberlastet ist, und welche nat\u00fcrlichen Schritte Sie unternehmen k\u00f6nnen, um ALLE Blutzuckerprobleme ohne Medikamente zu l\u00f6sen. Finden Sie heraus, was Ihre Lebenserwartung erh\u00f6ht und warum es geheim gehalten wird, und welche Rolle die Bauchspeicheldr\u00fcse dabei spielt. Diese organischen Katalysatoren werden in der Literatur nur selten erw\u00e4hnt, und nur wenige Menschen wissen, wie wichtig sie f\u00fcr die L\u00e4nge Ihrer Lebensspanne und die \u00dcberwindung gesundheitlicher Probleme sind.<\/strong><\/p>\n\n\n\n<hr class=\"is-style-wide wp-block-separator has-alpha-channel-opacity\"\/>\n<\/div>\n<\/div>\n\n\n\n<div class=\"nfd-container nfd-text-md nfd-wb-text__text-12 wp-block-group is-layout-constrained wp-block-group-is-layout-constrained\">\n<div class=\"nfd-max-w-prose wp-block-group is-vertical is-content-justification-stretch is-layout-flex wp-container-core-group-is-layout-353c4f5a wp-block-group-is-layout-flex\">\n<h1 class=\"wp-block-heading has-text-align-center\">Die Leber und die Gallenblase<\/h1>\n\n\n\n<div class=\"wp-block-group is-content-justification-center is-nowrap is-layout-flex wp-container-core-group-is-layout-23441af8 wp-block-group-is-layout-flex\">\n<figure class=\"is-style-default nfd-rounded-sm wp-block-image size-large\"><a href=\"https:\/\/naturalhealthrulesblog.com\/de\/how-to-improve-your-digestion-liver-gallbladder\/\"><img loading=\"lazy\" decoding=\"async\" width=\"1024\" height=\"575\" src=\"https:\/\/naturalhealthrulesblog.com\/wp-content\/uploads\/2025\/02\/InShot_20250223_204104594-1024x575.jpg\" alt=\"\" class=\"wp-image-474\" style=\"aspect-ratio:16\/9;object-fit:cover\" srcset=\"https:\/\/naturalhealthrulesblog.com\/wp-content\/uploads\/2025\/02\/InShot_20250223_204104594-1024x575.jpg 1024w, https:\/\/naturalhealthrulesblog.com\/wp-content\/uploads\/2025\/02\/InShot_20250223_204104594-600x337.jpg 600w, https:\/\/naturalhealthrulesblog.com\/wp-content\/uploads\/2025\/02\/InShot_20250223_204104594-300x169.jpg 300w, https:\/\/naturalhealthrulesblog.com\/wp-content\/uploads\/2025\/02\/InShot_20250223_204104594-768x432.jpg 768w, https:\/\/naturalhealthrulesblog.com\/wp-content\/uploads\/2025\/02\/InShot_20250223_204104594-1536x863.jpg 1536w, https:\/\/naturalhealthrulesblog.com\/wp-content\/uploads\/2025\/02\/InShot_20250223_204104594.jpg 1920w\" sizes=\"auto, (max-width: 1024px) 100vw, 1024px\" \/><\/a><\/figure>\n<\/div>\n\n\n\n<p class=\"has-text-align-center\">(^ Klicken oder tippen Sie auf das Bild oben, um die Podclass zu sehen).<\/p>\n\n\n\n<p class=\"\"><strong>Leiden Sie unter Gallensteinen? Wachen Sie morgens auf und haben keine Lust zu essen, sondern greifen zu Zucker und Koffein, um Energie f\u00fcr den Tag zu haben? Hat man Ihnen gesagt, Ihr Cholesterinspiegel sei zu hoch und Sie m\u00fcssten Medikamente einnehmen? Ern\u00e4hren Sie sich fettarm, aber man hat Ihnen gesagt, Sie h\u00e4tten eine Fettlebererkrankung? In dieser Podclass finden Sie die Antworten, die Sie brauchen, um das Problem zu beheben, ohne zu Medikamenten oder einer Operation greifen zu m\u00fcssen. Erfahren Sie mehr \u00fcber andere chronische Erkrankungen, wie z. B. erh\u00f6hte Enzyme, Gicht, Plantarfasziitis und niedrige Eisenwerte.<\/strong><\/p>\n\n\n\n<hr class=\"is-style-wide wp-block-separator has-alpha-channel-opacity\"\/>\n<\/div>\n<\/div>\n\n\n\n<div class=\"nfd-container nfd-text-md nfd-wb-text__text-12 wp-block-group is-layout-constrained wp-block-group-is-layout-constrained\">\n<div class=\"nfd-max-w-prose wp-block-group is-vertical is-content-justification-stretch is-layout-flex wp-container-core-group-is-layout-353c4f5a wp-block-group-is-layout-flex\">\n<h1 class=\"wp-block-heading has-text-align-center\">Der D\u00fcnndarm und der Dickdarm<\/h1>\n\n\n\n<div class=\"wp-block-group is-content-justification-center is-nowrap is-layout-flex wp-container-core-group-is-layout-23441af8 wp-block-group-is-layout-flex\">\n<figure class=\"is-style-default nfd-rounded-sm wp-block-image size-large\"><a href=\"https:\/\/naturalhealthrulesblog.com\/de\/how-to-improve-your-digestion-small-intestine-colon\/\"><img loading=\"lazy\" decoding=\"async\" width=\"1024\" height=\"575\" src=\"https:\/\/naturalhealthrulesblog.com\/wp-content\/uploads\/2025\/08\/1000009479-1024x575.jpg\" alt=\"Intestines Thumbnail\" class=\"wp-image-581\" style=\"aspect-ratio:16\/9;object-fit:cover\" srcset=\"https:\/\/naturalhealthrulesblog.com\/wp-content\/uploads\/2025\/08\/1000009479-1024x575.jpg 1024w, https:\/\/naturalhealthrulesblog.com\/wp-content\/uploads\/2025\/08\/1000009479-600x337.jpg 600w, https:\/\/naturalhealthrulesblog.com\/wp-content\/uploads\/2025\/08\/1000009479-300x169.jpg 300w, https:\/\/naturalhealthrulesblog.com\/wp-content\/uploads\/2025\/08\/1000009479-768x432.jpg 768w, https:\/\/naturalhealthrulesblog.com\/wp-content\/uploads\/2025\/08\/1000009479-1536x863.jpg 1536w, https:\/\/naturalhealthrulesblog.com\/wp-content\/uploads\/2025\/08\/1000009479.jpg 1920w\" sizes=\"auto, (max-width: 1024px) 100vw, 1024px\" \/><\/a><\/figure>\n<\/div>\n\n\n\n<p class=\"has-text-align-center\">(^ Klicken oder tippen Sie auf das Bild oben, um die Podclass zu sehen).<\/p>\n\n\n\n<p class=\"\"><strong>Teil I: Der D\u00fcnndarm.  F\u00fchlen Sie sich die meiste Zeit aufgebl\u00e4ht?  Essen Sie ein paar Bissen und f\u00fchlen sich satt?  Hat man Ihnen gesagt, Sie h\u00e4tten ein schwaches Immunsystem?  Erfahren Sie, wie Sie die Gesundheit des D\u00fcnndarms wiederherstellen, Ihr Immunsystem st\u00e4rken und schlechte Bakterien loswerden k\u00f6nnen, die Entz\u00fcndungen verursachen, die zu chronischen Gesundheitsproblemen f\u00fchren.  Die Wiederherstellung des D\u00fcnndarms verbessert die richtige Aufnahme von Nahrung und ist das Tor zur Erhaltung von Gesundheit und Langlebigkeit.<\/strong><\/p>\n\n\n\n<p class=\"\"><strong>Teil II: Der Dickdarm.  Leiden Sie unter Verstopfung?  Diarrh\u00f6e?  Reizdarmsyndrom?  Wiederkehrende Anf\u00e4lle von Kolitis?  Entdecken Sie die Ursachen f\u00fcr eine schlechte Ausscheidung, die einfachen L\u00f6sungen, um sie zu beheben, und die beiden Lebensmittel, die Sie vermeiden m\u00fcssen, wenn Sie einen gesunden Dickdarm haben wollen.  Giftstoffe, die durch nicht ordnungsgem\u00e4\u00df ausgeschiedene Nahrungsreste entstehen, k\u00f6nnen mit der Zeit schwerwiegende gesundheitliche Folgen haben und den Alterungsprozess beschleunigen. Die Wiederherstellung des D\u00fcnn- und Dickdarms kann die Entstehung vieler Krankheiten verhindern.  Das Ergebnis ist ein ges\u00fcnderer K\u00f6rper voller Energie.<\/strong><\/p>\n\n\n\n<hr class=\"is-style-wide wp-block-separator has-alpha-channel-opacity\"\/>\n<\/div>\n<\/div>\n\n\n\n<h2 class=\"wp-block-heading\">Der Kauf einer Podklasse...<\/h2>\n\n\n\n<p class=\"\">W\u00e4hlen Sie eine der untenstehenden Podclasses aus und klicken Sie unten auf Abonnieren.<\/p>\n\n\n\n<p class=\"\">Und wenn Sie bereits ein Konto haben, stellen Sie sicher, dass Sie <strong><a href=\"https:\/\/naturalhealthrulesblog.com\/de\/login\/\" data-type=\"link\" data-id=\"https:\/\/naturalhealthrulesblog.com\/login\">Eingeloggt<\/a>!<\/strong><\/p>\n\n\n\n<p class=\"\">Wenn Sie noch kein Konto haben, k\u00f6nnen Sie sich unten registrieren. (Sie sollten dies nicht sehen, wenn Sie bereits eingeloggt sind)<\/p>\n\n\n\n<h3 class=\"wp-block-heading\"><strong><em>Bitte beachten Sie: Nach dem Kauf eines Kurses f\u00fcr $49.99 haben Sie KOSTENLOSEN Zugang, um ihn so oft Sie wollen anzusehen.<\/em><\/strong><\/h3>\n\n\n\n<form id=\"pms_register-form\" class=\"pms-form  pms-form-design-wrapper pms-form-style-1\" method=\"POST\" action=\"\">\n\n    \n    <input type=\"hidden\" id=\"pmstkn\" name=\"pmstkn\" value=\"e8c78edba2\" \/><input type=\"hidden\" name=\"_wp_http_referer\" value=\"\/de\/wp-json\/wp\/v2\/pages\/537\" \/>\n    <ul class=\"pms-form-fields-wrapper\">\n\n        \n        \n        <div class=\"pms-account-section-wrapper\">\n            <h3 class=\"pms-account-details-title\">Konto Details<\/h3>\n                        <li class=\"pms-field pms-user-login-field\">\n                <label for=\"pms_user_login\">Benutzername *<\/label>\n                <input id=\"pms_user_login\" name=\"user_login\" type=\"text\" value=\"\" \/>\n\n                            <\/li>\n\n                        <li class=\"pms-field pms-user-email-field\">\n                <label for=\"pms_user_email\">E-Mail *<\/label>\n                <input id=\"pms_user_email\" name=\"user_email\" type=\"text\" value=\"\" \/>\n\n                            <\/li>\n\n                        <li class=\"pms-field pms-first-name-field\">\n                <label for=\"pms_first_name\">Vorname<\/label>\n                <input id=\"pms_first_name\" name=\"first_name\" type=\"text\" value=\"\" \/>\n\n                            <\/li>\n\n                        <li class=\"pms-field pms-last-name-field\">\n                <label for=\"pms_last_name\">Nachname<\/label>\n                <input id=\"pms_last_name\" name=\"last_name\" type=\"text\" value=\"\" \/>\n\n                            <\/li>\n\n                        <li class=\"pms-field pms-pass1-field\">\n                <label for=\"pms_pass1\">Passwort *<\/label>\n                <input id=\"pms_pass1\" name=\"pass1\" type=\"password\" \/>\n\n                \n                            <\/li>\n\n                        <li class=\"pms-field pms-pass2-field\">\n                <label for=\"pms_pass2\">Passwort wiederholen *<\/label>\n                <input id=\"pms_pass2\" name=\"pass2\" type=\"password\" \/>\n\n                            <\/li>\n\n                    <\/div>\n\n        \n        <li class=\"pms-field pms-field-subscriptions\"><h3 class=\"pms-subscriptions-list-title\">Select Your Online Class<\/h3><div class=\"pms-subscription-plan pms-subscription-plan-550\"><label><input type=\"radio\" name=\"subscription_plans\" data-price=\"49.99\" data-duration=\"0\" data-fixed_membership=\"\" data-allow_renew=\"\" data-sign_up_fee=\"0\" data-trial=\"0\" data-recurring=\"3\"  value=\"550\"  checked='checked'data-default-selected=\"true\" \/><span class=\"pms-subscription-plan-name\">Health Excellence -- Small Intestine\/Colon<\/span><span class=\"pms-subscription-plan-price\"><span class=\"pms-divider\"> - <\/span><span class=\"pms-subscription-plan-currency\">&#36;<\/span><span class=\"pms-subscription-plan-price-value\">49,99<\/span><\/span><span class=\"pms-subscription-plan-trial\"><\/span><span class=\"pms-subscription-plan-sign-up-fee\"><\/span><\/label><div class=\"pms-subscription-plan-description\">Part I:  The Small Intestine.  Do you feel bloated much of the time?  Do you eat a few bites of food and feel full?  Have you been told you have a weak immune system?  Learn how you can restore health in the small intestine, increase your immune system, and get rid of bad bacteria causing inflammation that creates chronic health problems.  Rebuilding the small intestine increases proper absorption of food and is the gateway to maintaining health and longevity.\r\n--------\r\nPart II:  The Colon.  Are you suffering from constipation?  Diarrhea?  Irritable Bowel Syndrome?  Recurring bouts of colitis?  Discover the causes of poor elimination, the simple solutions to correct them, and the two foods you must avoid if you want to have a healthy colon.  Toxicity from food waste not being properly eliminated can cause severe health consequences over time, and can speed up aging. Restoring the small intestine and the colon will prevent many diseases from developing.  The result is a healthier body full of energy.<\/div><\/div><div class=\"pms-subscription-plan pms-subscription-plan-549\"><label><input type=\"radio\" name=\"subscription_plans\" data-price=\"49.99\" data-duration=\"0\" data-fixed_membership=\"\" data-allow_renew=\"\" data-sign_up_fee=\"0\" data-trial=\"0\" data-recurring=\"3\"  value=\"549\" data-default-checked=\"false\" \/><span class=\"pms-subscription-plan-name\">Health Excellence -- Liver &amp; Gallbladder<\/span><span class=\"pms-subscription-plan-price\"><span class=\"pms-divider\"> - <\/span><span class=\"pms-subscription-plan-currency\">&#36;<\/span><span class=\"pms-subscription-plan-price-value\">49,99<\/span><\/span><span class=\"pms-subscription-plan-trial\"><\/span><span class=\"pms-subscription-plan-sign-up-fee\"><\/span><\/label><div class=\"pms-subscription-plan-description\">Leiden Sie unter Gallensteinen? Wachen Sie morgens auf und haben keine Lust zu essen, sondern greifen zu Zucker und Koffein, um Energie f\u00fcr den Tag zu haben? Hat man Ihnen gesagt, Ihr Cholesterinspiegel sei zu hoch und Sie m\u00fcssten Medikamente einnehmen? Ern\u00e4hren Sie sich fettarm, aber man hat Ihnen gesagt, Sie h\u00e4tten eine Fettlebererkrankung? In dieser Podclass finden Sie die Antworten, die Sie brauchen, um das Problem zu beheben, ohne zu Medikamenten oder einer Operation greifen zu m\u00fcssen. Erfahren Sie mehr \u00fcber andere chronische Erkrankungen, wie z. B. erh\u00f6hte Enzyme, Gicht, Plantarfasziitis und niedrige Eisenwerte.<\/div><\/div><div class=\"pms-subscription-plan pms-subscription-plan-548\"><label><input type=\"radio\" name=\"subscription_plans\" data-price=\"49.99\" data-duration=\"0\" data-fixed_membership=\"\" data-allow_renew=\"\" data-sign_up_fee=\"0\" data-trial=\"0\" data-recurring=\"3\"  value=\"548\" data-default-checked=\"false\" \/><span class=\"pms-subscription-plan-name\">Health Excellence -- Pancreas<\/span><span class=\"pms-subscription-plan-price\"><span class=\"pms-divider\"> - <\/span><span class=\"pms-subscription-plan-currency\">&#36;<\/span><span class=\"pms-subscription-plan-price-value\">49,99<\/span><\/span><span class=\"pms-subscription-plan-trial\"><\/span><span class=\"pms-subscription-plan-sign-up-fee\"><\/span><\/label><div class=\"pms-subscription-plan-description\">Millionen von Menschen leiden an Diabetes, Insulinresistenz oder Hypoglyk\u00e4mie, und die Zahl nimmt jedes Jahr zu, ebenso wie die Zahl der Fettleibigen. Die moderne Lebensmittelverarbeitung hat die M\u00f6glichkeit geschaffen, Zucker in viele dieser k\u00fcnstlich hergestellten Produkte zu geben. Dies hat dazu gef\u00fchrt, dass die Menschen s\u00fcchtig nach Zucker werden und ihr Verlangen nach Zucker unkontrollierbar ist. Erfahren Sie, warum die Bauchspeicheldr\u00fcse \u00fcberlastet ist, und welche nat\u00fcrlichen Schritte Sie unternehmen k\u00f6nnen, um ALLE Blutzuckerprobleme ohne Medikamente zu l\u00f6sen. Finden Sie heraus, was Ihre Lebenserwartung erh\u00f6ht und warum es geheim gehalten wird, und welche Rolle die Bauchspeicheldr\u00fcse dabei spielt. Diese organischen Katalysatoren werden in der Literatur nur selten erw\u00e4hnt, und nur wenige Menschen wissen, wie wichtig sie f\u00fcr die L\u00e4nge Ihrer Lebensspanne und die \u00dcberwindung gesundheitlicher Probleme sind.<\/div><\/div><div class=\"pms-subscription-plan pms-subscription-plan-504\"><label><input type=\"radio\" name=\"subscription_plans\" data-price=\"49.99\" data-duration=\"0\" data-fixed_membership=\"\" data-allow_renew=\"\" data-sign_up_fee=\"0\" data-trial=\"0\" data-recurring=\"3\"  value=\"504\" data-default-checked=\"false\" \/><span class=\"pms-subscription-plan-name\">Health Excellence -- Stomach<\/span><span class=\"pms-subscription-plan-price\"><span class=\"pms-divider\"> - <\/span><span class=\"pms-subscription-plan-currency\">&#36;<\/span><span class=\"pms-subscription-plan-price-value\">49,99<\/span><\/span><span class=\"pms-subscription-plan-trial\"><\/span><span class=\"pms-subscription-plan-sign-up-fee\"><\/span><\/label><div class=\"pms-subscription-plan-description\">Leiden Sie unter Sodbrennen, saurem Reflux, Bl\u00e4hungen und M\u00fcdigkeit nach dem Essen? M\u00fcssen Sie nach dem Essen aufsto\u00dfen oder r\u00fclpsen? Dies sind Symptome daf\u00fcr, dass Ihr Magen die Nahrung nicht richtig verdaut.\r\n\r\nViele Menschen k\u00f6nnen jahrelang an Verdauungsst\u00f6rungen leiden. Das Ergebnis ist ein K\u00f6rper, der unterern\u00e4hrt ist und kein starkes Immunsystem aufbauen kann. Im Laufe der Zeit k\u00f6nnen viele Krankheiten entstehen, weil der K\u00f6rper nicht in der Lage ist, N\u00e4hrstoffe aufzunehmen.\r\n\r\nDiese Podklasse enth\u00fcllt die sieben Gr\u00fcnde, warum Ihr Magen nicht mehr richtig funktioniert, die sechs Umst\u00e4nde, die die Verdauung der Nahrung behindern, und die drei Gewohnheiten, die Sie ein Leben lang anwenden k\u00f6nnen, um sicherzustellen, dass Sie den gr\u00f6\u00dften Nutzen aus Ihrer Nahrung ziehen, langsamer altern und Ihre Energie steigern.<\/div><\/div><input type=\"hidden\" name=\"pms_default_recurring\" value=\"3\" \/><\/li>\n    <\/ul>\n\n    <span id=\"pms-submit-button-loading-placeholder-text\" style=\"display: none;\">In Bearbeitung. Bitte kurz warten...<\/span><div class=\"pms-paygates-holder\"><div id=\"pms-paygates-wrapper\"><h3>Zahlungsmethode ausw\u00e4hlen<\/h3><div id=\"pms-paygates-inner\"><label><input type=\"radio\" class=\"pms_pay_gate\" name=\"pay_gate\" value=\"paypal_connect\" data-sign_up_fee=\"1\" data-trial=\"1\" data-recurring=\"1\"  data-type=\"extra_fields\" \/><span class=\"pms-paygate-name\">PayPal<\/span><\/label><label><input type=\"radio\" class=\"pms_pay_gate\" name=\"pay_gate\" value=\"stripe_connect\"  checked='checked'data-sign_up_fee=\"1\" data-trial=\"1\" data-recurring=\"1\"  data-type=\"extra_fields\" \/><span class=\"pms-paygate-name\">Kredit-\/Debitkarte<\/span><\/label><\/div><div id=\"pms-gateways-not-available\"><span>F\u00fcr das ausgew\u00e4hlte Abo sind keine Zahlungsmethoden verf\u00fcgbar.<\/span><\/div><\/div><ul id=\"pms-stripe-connect\" class=\"pms-field-section pms-paygate-extra-fields pms-paygate-extra-fields-stripe_connect\"><li class=\"pms-field pms-field-type-heading\"><h3>Details zur Bezahlung<\/h3><\/li><div class=\"pms-spinner__holder\"><div class=\"pms-spinner\"><\/div><\/div><div id=\"pms-stripe-payment-elements\" style=\"display:none\"><\/div><\/ul><ul id=\"pms-paypal-connect\" class=\"pms-field-section pms-paygate-extra-fields pms-paygate-extra-fields-paypal_connect\"><div class=\"pms-spinner__holder\"><div class=\"pms-spinner\"><\/div><\/div><div id=\"pms-paygate-extra-fields-paypal_connect__placeholder\"><\/div><\/ul><input class=\"pms-form-submit\" name=\"pms_register\" type=\"submit\" value=\"Registrieren\" \/><\/div><input type=\"hidden\" id=\"pms-process-checkout-nonce\" name=\"pms_process_checkout_nonce\" value=\"1965e6d693\"\/><input type=\"hidden\" id=\"stripe-pk\" value=\"pk_live_51JnRSnFVtWoWlofZMXcsWFcHwttiJKFpiqCr2o6ernALizyZxFirVbJUQ4p9SHfyOB5MISz6IxlCIFwFMpXCfBPt009H9WjaXq\" \/><input type=\"hidden\" name=\"pms_stripe_connect_payment_intent\" value=\"\"\/><input type=\"hidden\" name=\"pms_stripe_connect_setup_intent\" value=\"\"\/><input type=\"hidden\" id=\"pms-stripe-ajax-update-payment-intent-nonce\" name=\"stripe_ajax_update_payment_intent_nonce\" value=\"8c1b9a82b5\"\/>\n    \n<input type=\"hidden\" name=\"trp-form-language\" value=\"de\"\/><\/form>\n\n\n\n\n<p class=\"\"><\/p>","protected":false},"excerpt":{"rendered":"<p>The Stomach (^ Click or tap the image above to watch the Podclass.) Are you suffering from heartburn, acid reflux, bloating, and feeling tired after you eat? Do you burp or belch after eating? These are symptoms that your stomach is not digesting food properly. Many people can suffer from indigestion for years. The result [&hellip;]<\/p>\n","protected":false},"author":4,"featured_media":0,"parent":0,"menu_order":0,"comment_status":"closed","ping_status":"closed","template":"","meta":{"nf_dc_page":"","_uag_custom_page_level_css":"","footnotes":""},"class_list":["post-537","page","type-page","status-publish","hentry"],"uagb_featured_image_src":{"full":false,"thumbnail":false,"medium":false,"medium_large":false,"large":false,"1536x1536":false,"2048x2048":false,"trp-custom-language-flag":false,"woocommerce_thumbnail":false,"woocommerce_single":false,"woocommerce_gallery_thumbnail":false},"uagb_author_info":{"display_name":"MixxX","author_link":"https:\/\/naturalhealthrulesblog.com\/de\/author\/mub-healthexcellence\/"},"uagb_comment_info":0,"uagb_excerpt":"The Stomach (^ Click or tap the image above to watch the Podclass.) Are you suffering from heartburn, acid reflux, bloating, and feeling tired after you eat? Do you burp or belch after eating? These are symptoms that your stomach is not digesting food properly. Many people can suffer from indigestion for years. The result&hellip;","_links":{"self":[{"href":"https:\/\/naturalhealthrulesblog.com\/de\/wp-json\/wp\/v2\/pages\/537","targetHints":{"allow":["GET"]}}],"collection":[{"href":"https:\/\/naturalhealthrulesblog.com\/de\/wp-json\/wp\/v2\/pages"}],"about":[{"href":"https:\/\/naturalhealthrulesblog.com\/de\/wp-json\/wp\/v2\/types\/page"}],"author":[{"embeddable":true,"href":"https:\/\/naturalhealthrulesblog.com\/de\/wp-json\/wp\/v2\/users\/4"}],"replies":[{"embeddable":true,"href":"https:\/\/naturalhealthrulesblog.com\/de\/wp-json\/wp\/v2\/comments?post=537"}],"version-history":[{"count":20,"href":"https:\/\/naturalhealthrulesblog.com\/de\/wp-json\/wp\/v2\/pages\/537\/revisions"}],"predecessor-version":[{"id":670,"href":"https:\/\/naturalhealthrulesblog.com\/de\/wp-json\/wp\/v2\/pages\/537\/revisions\/670"}],"wp:attachment":[{"href":"https:\/\/naturalhealthrulesblog.com\/de\/wp-json\/wp\/v2\/media?parent=537"}],"curies":[{"name":"wp","href":"https:\/\/api.w.org\/{rel}","templated":true}]}}